{"id":230622,"date":"2025-01-02T19:00:41","date_gmt":"2025-01-02T19:00:41","guid":{"rendered":"https:\/\/andersolssongolf.se\/golf\/?page_id=230622"},"modified":"2025-03-26T12:09:29","modified_gmt":"2025-03-26T12:09:29","slug":"kontakt-4","status":"publish","type":"page","link":"https:\/\/andersolssongolf.se\/golf\/kontakt-4\/","title":{"rendered":"Kontakt"},"content":{"rendered":"<p>[et_pb_section fb_built=&#8221;1&#8243; _builder_version=&#8221;4.27.2&#8243; _module_preset=&#8221;default&#8221; background_image=&#8221;https:\/\/andersolssongolf.se\/golf\/wp-content\/uploads\/2025\/01\/kontakt-hem.png&#8221; global_colors_info=&#8221;{}&#8221;][et_pb_row _builder_version=&#8221;4.27.2&#8243; _module_preset=&#8221;default&#8221; global_colors_info=&#8221;{}&#8221;][et_pb_column type=&#8221;4_4&#8243; _builder_version=&#8221;4.27.2&#8243; _module_preset=&#8221;default&#8221; global_colors_info=&#8221;{}&#8221;][et_pb_heading title=&#8221;Anders Olsson Golf &#8211; Din Partner P\u00e5 Golfbanan&#8221; _builder_version=&#8221;4.27.2&#8243; _module_preset=&#8221;ddeb8c09-9078-4424-bc15-2efb6572e28e&#8221; title_text_align=&#8221;center&#8221; title_text_color=&#8221;#FFFFFF&#8221; title_text_shadow_style=&#8221;preset2&#8243; locked=&#8221;off&#8221; global_colors_info=&#8221;{}&#8221;][\/et_pb_heading][et_pb_divider _builder_version=&#8221;4.27.2&#8243; _module_preset=&#8221;default&#8221; global_colors_info=&#8221;{}&#8221;][\/et_pb_divider][et_pb_divider _builder_version=&#8221;4.27.2&#8243; _module_preset=&#8221;default&#8221; global_colors_info=&#8221;{}&#8221;][\/et_pb_divider][et_pb_divider _builder_version=&#8221;4.27.2&#8243; _module_preset=&#8221;default&#8221; global_colors_info=&#8221;{}&#8221;][\/et_pb_divider][et_pb_divider _builder_version=&#8221;4.27.2&#8243; _module_preset=&#8221;default&#8221; global_colors_info=&#8221;{}&#8221;][\/et_pb_divider][et_pb_text _builder_version=&#8221;4.27.2&#8243; _module_preset=&#8221;0504de1e-f5ff-4281-ba60-cbbe4edf98bc&#8221; text_orientation=&#8221;center&#8221; locked=&#8221;off&#8221; global_colors_info=&#8221;{%22gcid-primary-color%22:%91%22link_text_color%22%93,%22gcid-heading-color%22:%91%22header_text_color%22,%22header_4_text_color%22,%22header_3_text_color%22,%22header_2_text_color%22,%22header_5_text_color%22,%22header_6_text_color%22,%22quote_text_color%22%93,%22gcid-secondary-color%22:%91%22quote_border_color%22%93}&#8221;]<\/p>\n<p>V\u00e4lkommen till v\u00e5r kontaktsida d\u00e4r du enkelt kan n\u00e5 oss f\u00f6r alla dina golfrelaterade fr\u00e5gor.<\/p>\n<p>[\/et_pb_text][\/et_pb_column][\/et_pb_row][\/et_pb_section][et_pb_section fb_built=&#8221;1&#8243; admin_label=&#8221;Contact Info&#8221; _builder_version=&#8221;4.25.1&#8243; _module_preset=&#8221;default&#8221; collapsed=&#8221;on&#8221; global_colors_info=&#8221;{}&#8221;][et_pb_row column_structure=&#8221;1_2,1_2&#8243; make_equal=&#8221;on&#8221; _builder_version=&#8221;4.27.2&#8243; _module_preset=&#8221;default&#8221; global_colors_info=&#8221;{}&#8221;][et_pb_column type=&#8221;1_2&#8243; _builder_version=&#8221;4.25.1&#8243; _module_preset=&#8221;50607da8-57bc-4d4b-aaef-f02e41c2cc4a&#8221; global_colors_info=&#8221;{}&#8221;][et_pb_blurb title=&#8221;Telefon&#8221; use_icon=&#8221;on&#8221; font_icon=&#8221;&#xe090;||divi||400&#8243; icon_alignment=&#8221;center&#8221; module_class=&#8221;ai_ignore_all&#8221; _builder_version=&#8221;4.27.2&#8243; _module_preset=&#8221;212b201d-2c34-41bd-936c-851b7357d08b&#8221; text_orientation=&#8221;center&#8221; global_colors_info=&#8221;{}&#8221;]<\/p>\n<p><span>0706-626300<\/span><\/p>\n<p>[\/et_pb_blurb][\/et_pb_column][et_pb_column type=&#8221;1_2&#8243; _builder_version=&#8221;4.25.1&#8243; _module_preset=&#8221;50607da8-57bc-4d4b-aaef-f02e41c2cc4a&#8221; global_colors_info=&#8221;{}&#8221;][et_pb_blurb title=&#8221;Email&#8221; use_icon=&#8221;on&#8221; font_icon=&#8221;&#xf0e0;||fa||900&#8243; icon_alignment=&#8221;center&#8221; module_class=&#8221;ai_ignore_all&#8221; _builder_version=&#8221;4.27.2&#8243; _module_preset=&#8221;212b201d-2c34-41bd-936c-851b7357d08b&#8221; text_orientation=&#8221;center&#8221; locked=&#8221;off&#8221; global_colors_info=&#8221;{}&#8221;]<\/p>\n<p><a href=\"Mailto:\" target=\"_blank\" rel=\"noopener\"><span>anders@andersolssongolf.se<\/span><\/a><\/p>\n<p>[\/et_pb_blurb][\/et_pb_column][\/et_pb_row][et_pb_row column_structure=&#8221;1_2,1_2&#8243; make_equal=&#8221;on&#8221; _builder_version=&#8221;4.27.2&#8243; _module_preset=&#8221;default&#8221; global_colors_info=&#8221;{}&#8221;][et_pb_column type=&#8221;1_2&#8243; _builder_version=&#8221;4.25.1&#8243; _module_preset=&#8221;50607da8-57bc-4d4b-aaef-f02e41c2cc4a&#8221; global_colors_info=&#8221;{}&#8221;][et_pb_blurb title=&#8221;Adress&#8221; use_icon=&#8221;on&#8221; font_icon=&#8221;&#xf3c5;||fa||900&#8243; icon_alignment=&#8221;center&#8221; module_class=&#8221;ai_ignore_all&#8221; _builder_version=&#8221;4.27.2&#8243; _module_preset=&#8221;212b201d-2c34-41bd-936c-851b7357d08b&#8221; text_orientation=&#8221;center&#8221; locked=&#8221;off&#8221; global_colors_info=&#8221;{}&#8221;]<\/p>\n<p><span>Polgatan 42<\/span><br \/><span>216 11 Limhamn<\/span><\/p>\n<p>[\/et_pb_blurb][\/et_pb_column][et_pb_column type=&#8221;1_2&#8243; _builder_version=&#8221;4.25.1&#8243; _module_preset=&#8221;50607da8-57bc-4d4b-aaef-f02e41c2cc4a&#8221; global_colors_info=&#8221;{}&#8221;][et_pb_blurb title=&#8221;Betalningsuppgifter&#8221; use_icon=&#8221;on&#8221; font_icon=&#8221;&#xf450;||fa||900&#8243; icon_alignment=&#8221;center&#8221; module_class=&#8221;ai_ignore_all&#8221; _builder_version=&#8221;4.27.2&#8243; _module_preset=&#8221;212b201d-2c34-41bd-936c-851b7357d08b&#8221; text_orientation=&#8221;center&#8221; locked=&#8221;off&#8221; global_colors_info=&#8221;{}&#8221;]<\/p>\n<p><span>Bankgiro: 706-7838<\/span><br \/><span>Swish: 123 187 3116<\/span><\/p>\n<p>[\/et_pb_blurb][\/et_pb_column][\/et_pb_row][\/et_pb_section][et_pb_section fb_built=&#8221;1&#8243; admin_label=&#8221;Contact&#8221; _builder_version=&#8221;4.18.0&#8243; _module_preset=&#8221;default&#8221; custom_padding=&#8221;0px|||||&#8221; locked=&#8221;off&#8221; collapsed=&#8221;on&#8221; global_colors_info=&#8221;{}&#8221;][et_pb_row _builder_version=&#8221;4.18.0&#8243; _module_preset=&#8221;5138c454-be54-4233-bd3b-f8e6a8747976&#8243; global_colors_info=&#8221;{}&#8221;][et_pb_column type=&#8221;4_4&#8243; _builder_version=&#8221;4.16&#8243; _module_preset=&#8221;73121f80-a3ef-4484-8763-c3f18e3c56d2&#8243; global_colors_info=&#8221;{}&#8221;][et_pb_heading title=&#8221;Kontakta Anders Olsson Golf&#8221; _builder_version=&#8221;4.24.3&#8243; _module_preset=&#8221;ddeb8c09-9078-4424-bc15-2efb6572e28e&#8221; locked=&#8221;off&#8221; global_colors_info=&#8221;{}&#8221;][\/et_pb_heading][\/et_pb_column][\/et_pb_row][et_pb_row _builder_version=&#8221;4.24.3&#8243; _module_preset=&#8221;5138c454-be54-4233-bd3b-f8e6a8747976&#8243; global_colors_info=&#8221;{}&#8221;][et_pb_column type=&#8221;4_4&#8243; _builder_version=&#8221;4.24.3&#8243; _module_preset=&#8221;50607da8-57bc-4d4b-aaef-f02e41c2cc4a&#8221; custom_padding_phone=&#8221;20px|20px|20px|20px|true|true&#8221; global_colors_info=&#8221;{%22gcid-7cadd8b3-5228-48e4-90c4-212d09232f7b%22:%91%22color%22,%22color%22%93,%22gcid-36fd78a7-34bc-404d-873c-dafa34efaae5%22:%91%22color%22%93}&#8221;][et_pb_contact_form captcha=&#8221;off&#8221; _builder_version=&#8221;4.27.4&#8243; _module_preset=&#8221;347de7c5-8eec-4fb2-89ad-e07c220a4ead&#8221; hover_enabled=&#8221;0&#8243; locked=&#8221;off&#8221; global_colors_info=&#8221;{}&#8221; email=&#8221;anders@andersolssongolf.se&#8221; sticky_enabled=&#8221;0&#8243;][et_pb_contact_field field_id=&#8221;Name&#8221; field_title=&#8221;Name&#8221; fullwidth_field=&#8221;on&#8221; _builder_version=&#8221;4.18.0&#8243; _module_preset=&#8221;default&#8221; global_colors_info=&#8221;{}&#8221; button_text_size__hover_enabled=&#8221;off&#8221; button_one_text_size__hover_enabled=&#8221;off&#8221; button_two_text_size__hover_enabled=&#8221;off&#8221; button_text_color__hover_enabled=&#8221;off&#8221; button_one_text_color__hover_enabled=&#8221;off&#8221; button_two_text_color__hover_enabled=&#8221;off&#8221; button_border_width__hover_enabled=&#8221;off&#8221; button_one_border_width__hover_enabled=&#8221;off&#8221; button_two_border_width__hover_enabled=&#8221;off&#8221; button_border_color__hover_enabled=&#8221;off&#8221; button_one_border_color__hover_enabled=&#8221;off&#8221; button_two_border_color__hover_enabled=&#8221;off&#8221; button_border_radius__hover_enabled=&#8221;off&#8221; button_one_border_radius__hover_enabled=&#8221;off&#8221; button_two_border_radius__hover_enabled=&#8221;off&#8221; button_letter_spacing__hover_enabled=&#8221;off&#8221; button_one_letter_spacing__hover_enabled=&#8221;off&#8221; button_two_letter_spacing__hover_enabled=&#8221;off&#8221; button_bg_color__hover_enabled=&#8221;off&#8221; button_one_bg_color__hover_enabled=&#8221;off&#8221; button_two_bg_color__hover_enabled=&#8221;off&#8221;][\/et_pb_contact_field][et_pb_contact_field field_id=&#8221;Email&#8221; field_title=&#8221;Email Address&#8221; field_type=&#8221;email&#8221; fullwidth_field=&#8221;on&#8221; _builder_version=&#8221;4.18.0&#8243; _module_preset=&#8221;default&#8221; global_colors_info=&#8221;{}&#8221; button_text_size__hover_enabled=&#8221;off&#8221; button_one_text_size__hover_enabled=&#8221;off&#8221; button_two_text_size__hover_enabled=&#8221;off&#8221; button_text_color__hover_enabled=&#8221;off&#8221; button_one_text_color__hover_enabled=&#8221;off&#8221; button_two_text_color__hover_enabled=&#8221;off&#8221; button_border_width__hover_enabled=&#8221;off&#8221; button_one_border_width__hover_enabled=&#8221;off&#8221; button_two_border_width__hover_enabled=&#8221;off&#8221; button_border_color__hover_enabled=&#8221;off&#8221; button_one_border_color__hover_enabled=&#8221;off&#8221; button_two_border_color__hover_enabled=&#8221;off&#8221; button_border_radius__hover_enabled=&#8221;off&#8221; button_one_border_radius__hover_enabled=&#8221;off&#8221; button_two_border_radius__hover_enabled=&#8221;off&#8221; button_letter_spacing__hover_enabled=&#8221;off&#8221; button_one_letter_spacing__hover_enabled=&#8221;off&#8221; button_two_letter_spacing__hover_enabled=&#8221;off&#8221; button_bg_color__hover_enabled=&#8221;off&#8221; button_one_bg_color__hover_enabled=&#8221;off&#8221; button_two_bg_color__hover_enabled=&#8221;off&#8221;][\/et_pb_contact_field][et_pb_contact_field field_id=&#8221;Message&#8221; field_title=&#8221;Message&#8221; field_type=&#8221;text&#8221; fullwidth_field=&#8221;on&#8221; _builder_version=&#8221;4.16&#8243; _module_preset=&#8221;default&#8221; custom_margin=&#8221;||20px||false|false&#8221; global_colors_info=&#8221;{}&#8221; button_text_size__hover_enabled=&#8221;off&#8221; button_one_text_size__hover_enabled=&#8221;off&#8221; button_two_text_size__hover_enabled=&#8221;off&#8221; button_text_color__hover_enabled=&#8221;off&#8221; button_one_text_color__hover_enabled=&#8221;off&#8221; button_two_text_color__hover_enabled=&#8221;off&#8221; button_border_width__hover_enabled=&#8221;off&#8221; button_one_border_width__hover_enabled=&#8221;off&#8221; button_two_border_width__hover_enabled=&#8221;off&#8221; button_border_color__hover_enabled=&#8221;off&#8221; button_one_border_color__hover_enabled=&#8221;off&#8221; button_two_border_color__hover_enabled=&#8221;off&#8221; button_border_radius__hover_enabled=&#8221;off&#8221; button_one_border_radius__hover_enabled=&#8221;off&#8221; button_two_border_radius__hover_enabled=&#8221;off&#8221; button_letter_spacing__hover_enabled=&#8221;off&#8221; button_one_letter_spacing__hover_enabled=&#8221;off&#8221; button_two_letter_spacing__hover_enabled=&#8221;off&#8221; button_bg_color__hover_enabled=&#8221;off&#8221; button_one_bg_color__hover_enabled=&#8221;off&#8221; button_two_bg_color__hover_enabled=&#8221;off&#8221;][\/et_pb_contact_field][\/et_pb_contact_form][\/et_pb_column][\/et_pb_row][\/et_pb_section][et_pb_section fb_built=&#8221;1&#8243; admin_label=&#8221;Person Biography&#8221; _builder_version=&#8221;4.24.3&#8243; _module_preset=&#8221;default&#8221; global_colors_info=&#8221;{}&#8221;][et_pb_row column_structure=&#8221;1_3,2_3&#8243; _builder_version=&#8221;4.24.3&#8243; _module_preset=&#8221;default&#8221; global_colors_info=&#8221;{}&#8221;][et_pb_column type=&#8221;1_3&#8243; _builder_version=&#8221;4.24.3&#8243; _module_preset=&#8221;default&#8221; global_colors_info=&#8221;{}&#8221;][et_pb_heading title=&#8221;Anders Olsson&#8221; _builder_version=&#8221;4.24.3&#8243; _module_preset=&#8221;ba4a6336-701f-47b8-bf5c-09da0ce28016&#8243; global_colors_info=&#8221;{}&#8221;][\/et_pb_heading][et_pb_image src=&#8221;https:\/\/andersolssongolf.se\/golf\/wp-content\/uploads\/2025\/01\/469829920_18336884593145848_8487353157844832966_n.jpg&#8221; title_text=&#8221;ANDERS OLSSON GOLF&#8221; _builder_version=&#8221;4.27.2&#8243; _module_preset=&#8221;1cc6152f-565c-4c4d-b0c9-cf8c9576c341&#8243; global_colors_info=&#8221;{}&#8221;][\/et_pb_image][et_pb_button button_text=&#8221;L\u00e4s mer om Anders&#8221; _builder_version=&#8221;4.24.3&#8243; _module_preset=&#8221;1bffc0fc-42a0-49d1-bd9a-ae3ade2d7206&#8243; global_colors_info=&#8221;{}&#8221;][\/et_pb_button][\/et_pb_column][et_pb_column type=&#8221;2_3&#8243; _builder_version=&#8221;4.24.3&#8243; _module_preset=&#8221;default&#8221; global_colors_info=&#8221;{}&#8221;][et_pb_text _builder_version=&#8221;4.27.2&#8243; _module_preset=&#8221;default&#8221; global_colors_info=&#8221;{}&#8221;]<\/p>\n<p>Anders Olsson \u00e4r en passionerad golftr\u00e4nare med \u00f6ver 20 \u00e5rs erfarenhet av att hj\u00e4lpa golfare p\u00e5 alla niv\u00e5er att f\u00f6rb\u00e4ttra sina spel. Med en bakgrund som professionell spelare och tr\u00e4nare, har Anders utvecklat en unik metodik som kombinerar teknik, strategi och mental styrka. Hans engagemang f\u00f6r varje elevs framg\u00e5ng \u00e4r grunden f\u00f6r hans arbete, och han str\u00e4var alltid efter att g\u00f6ra golfen mer tillg\u00e4nglig och rolig f\u00f6r alla. Anders \u00e4r k\u00e4nd f\u00f6r sin personliga och inspirerande undervisningsstil, vilket g\u00f6r honom till det enkla valet f\u00f6r f\u00e4rre slag p\u00e5 banan.<\/p>\n<p><span>\u2013 12 st. Landskamper<\/span><br \/><span>\u2013 Vinst p\u00e5 Sverigetouren<\/span><br \/><span>\u2013 Spelat p\u00e5 Challengetouren<\/span><br \/><span>\u2013 L\u00e4gsta score 64 slag<\/span><br \/><span>\u2013 Pro p\u00e5 Hylliekroken i 16 \u00e5r<\/span><br \/><span>\u2013 Pro p\u00e5 Vallg\u00e5rden<\/span><\/p>\n<p>[\/et_pb_text][\/et_pb_column][\/et_pb_row][\/et_pb_section][et_pb_section fb_built=&#8221;1&#8243; admin_label=&#8221;Call to Action&#8221; _builder_version=&#8221;4.24.2&#8243; _module_preset=&#8221;default&#8221; use_background_color_gradient=&#8221;on&#8221; background_color_gradient_direction=&#8221;90deg&#8221; background_color_gradient_stops=&#8221;gcid-primary-color 65%|rgba(255,255,255,0) 65%&#8221; background_color_gradient_start=&#8221;gcid-36fd78a7-34bc-404d-873c-dafa34efaae5&#8243; background_color_gradient_start_position=&#8221;65%&#8221; background_color_gradient_end=&#8221;rgba(255,255,255,0)&#8221; background_color_gradient_end_position=&#8221;65%&#8221; background_last_edited=&#8221;on|desktop&#8221; background_color_gradient_direction_tablet=&#8221;180deg&#8221; locked=&#8221;off&#8221; collapsed=&#8221;on&#8221; global_colors_info=&#8221;{%22gcid-36fd78a7-34bc-404d-873c-dafa34efaae5%22:%91%22colorStart%22%93,%22gcid-primary-color%22:%91%22background_color_gradient_stops%22%93}&#8221;][et_pb_row column_structure=&#8221;3_5,2_5&#8243; _builder_version=&#8221;4.18.0&#8243; _module_preset=&#8221;5138c454-be54-4233-bd3b-f8e6a8747976&#8243; global_colors_info=&#8221;{}&#8221;][et_pb_column type=&#8221;3_5&#8243; _builder_version=&#8221;4.16&#8243; _module_preset=&#8221;73121f80-a3ef-4484-8763-c3f18e3c56d2&#8243; global_colors_info=&#8221;{}&#8221;][et_pb_heading title=&#8221;Boka Din Golflektion Idag!&#8221; _builder_version=&#8221;4.24.2&#8243; _module_preset=&#8221;c33f07d9-41e0-421a-8799-5799df695cce&#8221; title_text_color=&#8221;#FFFFFF&#8221; locked=&#8221;off&#8221; global_colors_info=&#8221;{}&#8221;][\/et_pb_heading][et_pb_text _builder_version=&#8221;4.24.2&#8243; _module_preset=&#8221;0504de1e-f5ff-4281-ba60-cbbe4edf98bc&#8221; locked=&#8221;off&#8221;]<\/p>\n<p>Ta n\u00e4sta steg i din golfresa med Anders Olsson Golf. V\u00e5ra skr\u00e4ddarsydda lektioner och kurser \u00e4r utformade f\u00f6r att f\u00f6rb\u00e4ttra ditt spel, oavsett om du \u00e4r nyb\u00f6rjare eller erfaren golfare. Kontakta oss nu f\u00f6r att boka din plats och upplev skillnaden!<\/p>\n<p>[\/et_pb_text][et_pb_button button_url=&#8221;https:\/\/www.netbooking.net\/Booking\/77&#8243; button_text=&#8221;Boka Nu&#8221; _builder_version=&#8221;4.27.4&#8243; _module_preset=&#8221;ab15fb74-61a3-43aa-96b3-41e09aeef654&#8243; hover_enabled=&#8221;0&#8243; locked=&#8221;off&#8221; global_colors_info=&#8221;{}&#8221; sticky_enabled=&#8221;0&#8243;][\/et_pb_button][\/et_pb_column][et_pb_column type=&#8221;2_5&#8243; _builder_version=&#8221;4.16&#8243; _module_preset=&#8221;73121f80-a3ef-4484-8763-c3f18e3c56d2&#8243; global_colors_info=&#8221;{}&#8221;][et_pb_image src=&#8221;https:\/\/andersolssongolf.se\/golf\/wp-content\/uploads\/2025\/01\/nyborjare-1.png&#8221; title_text=&#8221;nyb\u00f6rjare (1)&#8221; _builder_version=&#8221;4.27.2&#8243; _module_preset=&#8221;6ed8fd5c-62c5-4100-98c3-7b8b6d2c2ee6&#8243; global_colors_info=&#8221;{}&#8221;][\/et_pb_image][\/et_pb_column][\/et_pb_row][\/et_pb_section]<\/p>\n","protected":false},"excerpt":{"rendered":"<p>V\u00e4lkommen till v\u00e5r kontaktsida d\u00e4r du enkelt kan n\u00e5 oss f\u00f6r alla dina golfrelaterade fr\u00e5gor.0706-626300anders@andersolssongolf.sePolgatan 42216 11 LimhamnBankgiro: 706-7838Swish: 123 187 3116Anders Olsson \u00e4r en passionerad golftr\u00e4nare med \u00f6ver 20 \u00e5rs erfarenhet av att hj\u00e4lpa golfare p\u00e5 alla niv\u00e5er att f\u00f6rb\u00e4ttra sina spel. Med en bakgrund som professionell spelare och tr\u00e4nare, har Anders utvecklat en [&hellip;]<\/p>\n","protected":false},"author":1,"featured_media":0,"parent":0,"menu_order":0,"comment_status":"closed","ping_status":"closed","template":"","meta":{"_et_pb_use_builder":"on","_et_pb_old_content":"","_et_gb_content_width":"","footnotes":""},"dipi_cpt_category":[],"class_list":["post-230622","page","type-page","status-publish","hentry"],"yoast_head":"<!-- This site is optimized with the Yoast SEO plugin v27.4 - https:\/\/yoast.com\/product\/yoast-seo-wordpress\/ -->\n<title>Kontakt - Anders Olsson Golf<\/title>\n<meta name=\"robots\" content=\"index, follow, max-snippet:-1, max-image-preview:large, max-video-preview:-1\" \/>\n<link rel=\"canonical\" href=\"https:\/\/andersolssongolf.se\/golf\/kontakt-4\/\" \/>\n<meta property=\"og:locale\" content=\"sv_SE\" \/>\n<meta property=\"og:type\" content=\"article\" \/>\n<meta property=\"og:title\" content=\"Kontakt - Anders Olsson Golf\" \/>\n<meta property=\"og:description\" content=\"V\u00e4lkommen till v\u00e5r kontaktsida d\u00e4r du enkelt kan n\u00e5 oss f\u00f6r alla dina golfrelaterade fr\u00e5gor.0706-626300anders@andersolssongolf.sePolgatan 42216 11 LimhamnBankgiro: 706-7838Swish: 123 187 3116Anders Olsson \u00e4r en passionerad golftr\u00e4nare med \u00f6ver 20 \u00e5rs erfarenhet av att hj\u00e4lpa golfare p\u00e5 alla niv\u00e5er att f\u00f6rb\u00e4ttra sina spel. Med en bakgrund som professionell spelare och tr\u00e4nare, har Anders utvecklat en [&hellip;]\" \/>\n<meta property=\"og:url\" content=\"https:\/\/andersolssongolf.se\/golf\/kontakt-4\/\" \/>\n<meta property=\"og:site_name\" content=\"Anders Olsson Golf\" \/>\n<meta property=\"article:publisher\" content=\"https:\/\/www.facebook.com\/HylliekrokensGolfAcademy\" \/>\n<meta property=\"article:modified_time\" content=\"2025-03-26T12:09:29+00:00\" \/>\n<meta name=\"twitter:card\" content=\"summary_large_image\" \/>\n<meta name=\"twitter:label1\" content=\"Ber\u00e4knad l\u00e4stid\" \/>\n\t<meta name=\"twitter:data1\" content=\"10 minuter\" \/>\n<script type=\"application\/ld+json\" class=\"yoast-schema-graph\">{\"@context\":\"https:\\\/\\\/schema.org\",\"@graph\":[{\"@type\":\"WebPage\",\"@id\":\"https:\\\/\\\/andersolssongolf.se\\\/golf\\\/kontakt-4\\\/\",\"url\":\"https:\\\/\\\/andersolssongolf.se\\\/golf\\\/kontakt-4\\\/\",\"name\":\"Kontakt - Anders Olsson Golf\",\"isPartOf\":{\"@id\":\"https:\\\/\\\/andersolssongolf.se\\\/golf\\\/#website\"},\"datePublished\":\"2025-01-02T19:00:41+00:00\",\"dateModified\":\"2025-03-26T12:09:29+00:00\",\"breadcrumb\":{\"@id\":\"https:\\\/\\\/andersolssongolf.se\\\/golf\\\/kontakt-4\\\/#breadcrumb\"},\"inLanguage\":\"sv-SE\",\"potentialAction\":[{\"@type\":\"ReadAction\",\"target\":[\"https:\\\/\\\/andersolssongolf.se\\\/golf\\\/kontakt-4\\\/\"]}]},{\"@type\":\"BreadcrumbList\",\"@id\":\"https:\\\/\\\/andersolssongolf.se\\\/golf\\\/kontakt-4\\\/#breadcrumb\",\"itemListElement\":[{\"@type\":\"ListItem\",\"position\":1,\"name\":\"Hem\",\"item\":\"https:\\\/\\\/andersolssongolf.se\\\/golf\\\/\"},{\"@type\":\"ListItem\",\"position\":2,\"name\":\"Kontakt\"}]},{\"@type\":\"WebSite\",\"@id\":\"https:\\\/\\\/andersolssongolf.se\\\/golf\\\/#website\",\"url\":\"https:\\\/\\\/andersolssongolf.se\\\/golf\\\/\",\"name\":\"Anders Olsson Golf\",\"description\":\"Det enkla valet f\u00f6r f\u00e4rre slag p\u00e5 banan\",\"publisher\":{\"@id\":\"https:\\\/\\\/andersolssongolf.se\\\/golf\\\/#organization\"},\"potentialAction\":[{\"@type\":\"SearchAction\",\"target\":{\"@type\":\"EntryPoint\",\"urlTemplate\":\"https:\\\/\\\/andersolssongolf.se\\\/golf\\\/?s={search_term_string}\"},\"query-input\":{\"@type\":\"PropertyValueSpecification\",\"valueRequired\":true,\"valueName\":\"search_term_string\"}}],\"inLanguage\":\"sv-SE\"},{\"@type\":\"Organization\",\"@id\":\"https:\\\/\\\/andersolssongolf.se\\\/golf\\\/#organization\",\"name\":\"Anders Olsson Golf\",\"url\":\"https:\\\/\\\/andersolssongolf.se\\\/golf\\\/\",\"logo\":{\"@type\":\"ImageObject\",\"inLanguage\":\"sv-SE\",\"@id\":\"https:\\\/\\\/andersolssongolf.se\\\/golf\\\/#\\\/schema\\\/logo\\\/image\\\/\",\"url\":\"https:\\\/\\\/andersolssongolf.se\\\/golf\\\/wp-content\\\/uploads\\\/2022\\\/12\\\/logo.png\",\"contentUrl\":\"https:\\\/\\\/andersolssongolf.se\\\/golf\\\/wp-content\\\/uploads\\\/2022\\\/12\\\/logo.png\",\"width\":300,\"height\":292,\"caption\":\"Anders Olsson Golf\"},\"image\":{\"@id\":\"https:\\\/\\\/andersolssongolf.se\\\/golf\\\/#\\\/schema\\\/logo\\\/image\\\/\"},\"sameAs\":[\"https:\\\/\\\/www.facebook.com\\\/HylliekrokensGolfAcademy\",\"https:\\\/\\\/www.instagram.com\\\/andersolssongolf\\\/\",\"https:\\\/\\\/www.youtube.com\\\/results?search_query=hylliekrokensgolfacademy\"]}]}<\/script>\n<!-- \/ Yoast SEO plugin. -->","yoast_head_json":{"title":"Kontakt - Anders Olsson Golf","robots":{"index":"index","follow":"follow","max-snippet":"max-snippet:-1","max-image-preview":"max-image-preview:large","max-video-preview":"max-video-preview:-1"},"canonical":"https:\/\/andersolssongolf.se\/golf\/kontakt-4\/","og_locale":"sv_SE","og_type":"article","og_title":"Kontakt - Anders Olsson Golf","og_description":"V\u00e4lkommen till v\u00e5r kontaktsida d\u00e4r du enkelt kan n\u00e5 oss f\u00f6r alla dina golfrelaterade fr\u00e5gor.0706-626300anders@andersolssongolf.sePolgatan 42216 11 LimhamnBankgiro: 706-7838Swish: 123 187 3116Anders Olsson \u00e4r en passionerad golftr\u00e4nare med \u00f6ver 20 \u00e5rs erfarenhet av att hj\u00e4lpa golfare p\u00e5 alla niv\u00e5er att f\u00f6rb\u00e4ttra sina spel. Med en bakgrund som professionell spelare och tr\u00e4nare, har Anders utvecklat en [&hellip;]","og_url":"https:\/\/andersolssongolf.se\/golf\/kontakt-4\/","og_site_name":"Anders Olsson Golf","article_publisher":"https:\/\/www.facebook.com\/HylliekrokensGolfAcademy","article_modified_time":"2025-03-26T12:09:29+00:00","twitter_card":"summary_large_image","twitter_misc":{"Ber\u00e4knad l\u00e4stid":"10 minuter"},"schema":{"@context":"https:\/\/schema.org","@graph":[{"@type":"WebPage","@id":"https:\/\/andersolssongolf.se\/golf\/kontakt-4\/","url":"https:\/\/andersolssongolf.se\/golf\/kontakt-4\/","name":"Kontakt - Anders Olsson Golf","isPartOf":{"@id":"https:\/\/andersolssongolf.se\/golf\/#website"},"datePublished":"2025-01-02T19:00:41+00:00","dateModified":"2025-03-26T12:09:29+00:00","breadcrumb":{"@id":"https:\/\/andersolssongolf.se\/golf\/kontakt-4\/#breadcrumb"},"inLanguage":"sv-SE","potentialAction":[{"@type":"ReadAction","target":["https:\/\/andersolssongolf.se\/golf\/kontakt-4\/"]}]},{"@type":"BreadcrumbList","@id":"https:\/\/andersolssongolf.se\/golf\/kontakt-4\/#breadcrumb","itemListElement":[{"@type":"ListItem","position":1,"name":"Hem","item":"https:\/\/andersolssongolf.se\/golf\/"},{"@type":"ListItem","position":2,"name":"Kontakt"}]},{"@type":"WebSite","@id":"https:\/\/andersolssongolf.se\/golf\/#website","url":"https:\/\/andersolssongolf.se\/golf\/","name":"Anders Olsson Golf","description":"Det enkla valet f\u00f6r f\u00e4rre slag p\u00e5 banan","publisher":{"@id":"https:\/\/andersolssongolf.se\/golf\/#organization"},"potentialAction":[{"@type":"SearchAction","target":{"@type":"EntryPoint","urlTemplate":"https:\/\/andersolssongolf.se\/golf\/?s={search_term_string}"},"query-input":{"@type":"PropertyValueSpecification","valueRequired":true,"valueName":"search_term_string"}}],"inLanguage":"sv-SE"},{"@type":"Organization","@id":"https:\/\/andersolssongolf.se\/golf\/#organization","name":"Anders Olsson Golf","url":"https:\/\/andersolssongolf.se\/golf\/","logo":{"@type":"ImageObject","inLanguage":"sv-SE","@id":"https:\/\/andersolssongolf.se\/golf\/#\/schema\/logo\/image\/","url":"https:\/\/andersolssongolf.se\/golf\/wp-content\/uploads\/2022\/12\/logo.png","contentUrl":"https:\/\/andersolssongolf.se\/golf\/wp-content\/uploads\/2022\/12\/logo.png","width":300,"height":292,"caption":"Anders Olsson Golf"},"image":{"@id":"https:\/\/andersolssongolf.se\/golf\/#\/schema\/logo\/image\/"},"sameAs":["https:\/\/www.facebook.com\/HylliekrokensGolfAcademy","https:\/\/www.instagram.com\/andersolssongolf\/","https:\/\/www.youtube.com\/results?search_query=hylliekrokensgolfacademy"]}]}},"_links":{"self":[{"href":"https:\/\/andersolssongolf.se\/golf\/wp-json\/wp\/v2\/pages\/230622","targetHints":{"allow":["GET"]}}],"collection":[{"href":"https:\/\/andersolssongolf.se\/golf\/wp-json\/wp\/v2\/pages"}],"about":[{"href":"https:\/\/andersolssongolf.se\/golf\/wp-json\/wp\/v2\/types\/page"}],"author":[{"embeddable":true,"href":"https:\/\/andersolssongolf.se\/golf\/wp-json\/wp\/v2\/users\/1"}],"replies":[{"embeddable":true,"href":"https:\/\/andersolssongolf.se\/golf\/wp-json\/wp\/v2\/comments?post=230622"}],"version-history":[{"count":0,"href":"https:\/\/andersolssongolf.se\/golf\/wp-json\/wp\/v2\/pages\/230622\/revisions"}],"wp:attachment":[{"href":"https:\/\/andersolssongolf.se\/golf\/wp-json\/wp\/v2\/media?parent=230622"}],"wp:term":[{"taxonomy":"dipi_cpt_category","embeddable":true,"href":"https:\/\/andersolssongolf.se\/golf\/wp-json\/wp\/v2\/dipi_cpt_category?post=230622"}],"curies":[{"name":"wp","href":"https:\/\/api.w.org\/{rel}","templated":true}]}}