{"id":36,"date":"2016-04-18T14:05:26","date_gmt":"2016-04-18T14:05:26","guid":{"rendered":"http:\/\/hylliekrokensgolfacademy.se\/golf\/?page_id=36"},"modified":"2026-04-17T08:14:54","modified_gmt":"2026-04-17T08:14:54","slug":"prislista","status":"publish","type":"page","link":"https:\/\/andersolssongolf.se\/golf\/prislista\/","title":{"rendered":"Prislista"},"content":{"rendered":"[et_pb_section fb_built=&#8221;1&#8243; admin_label=&#8221;section&#8221; _builder_version=&#8221;4.16&#8243; global_colors_info=&#8221;{}&#8221;][et_pb_row admin_label=&#8221;row&#8221; _builder_version=&#8221;4.16&#8243; background_size=&#8221;initial&#8221; background_position=&#8221;top_left&#8221; background_repeat=&#8221;repeat&#8221; global_colors_info=&#8221;{}&#8221;][et_pb_column type=&#8221;4_4&#8243; _builder_version=&#8221;4.16&#8243; custom_padding=&#8221;|||&#8221; global_colors_info=&#8221;{}&#8221; custom_padding__hover=&#8221;|||&#8221;][et_pb_text admin_label=&#8221;Text&#8221; _builder_version=&#8221;4.27.4&#8243; header_font=&#8221;&#8211;et_global_heading_font||||||||&#8221; background_size=&#8221;initial&#8221; background_position=&#8221;top_left&#8221; background_repeat=&#8221;repeat&#8221; global_colors_info=&#8221;{}&#8221;]<h2 class=\"has-black-color has-text-color has-medium-font-size\"><strong>Prislista f\u00f6r lektioner &amp; kurser p\u00e5 Anders Olsson Golf 2026.<br \/>Du best\u00e4mmer om du vill ha 25 min eller 50 min p\u00e5 lektionen. Klicka <a href=\"https:\/\/www.netbooking.net\/Booking\/77\/Book\/SelectCourse\/4\" target=\"_blank\" rel=\"noreferrer noopener\">h\u00e4r<\/a> f\u00f6r att boka din n\u00e4sta kurs hos oss! I v\u00e5r prislista nedan ser du kostnaden f\u00f6r de olika paketen vi erbjuder alla priser \u00e4r inklusive bollar.<\/strong><\/h2>\n<p><!-- \/wp:post-content --><\/p>\n<p><!-- wp:paragraph --><\/p>\n<p><strong>Vill du spela bra golf n\u00e4sta s\u00e4song?<\/strong><br \/>Tr\u00e4na hela vintern hos oss under tak och med v\u00e4rme s\u00e5 att du ser din bollflykt. Om dina slag och dina sving f\u00f6rb\u00e4ttringar ska k\u00e4nnas naturliga till v\u00e5ren \u00e4r det dags att ta lektioner <strong>NU<\/strong>.<span style=\"font-size: 16px; font-family: var(--et_global_body_font),serif; font-weight: var(--et_global_body_font_weight);\"> <\/span><span style=\"font-size: 16px; font-family: var(--et_global_body_font),serif; font-weight: var(--et_global_body_font_weight);\">\u00a0<\/span><\/p>\n<div class=\"article-header\">\n<table border=\"0\" width=\"1046\" height=\"1112\" style=\"width: 100%;\">\n<tbody>\n<tr>\n<td align=\"left\" valign=\"top\" bgcolor=\"#FFFFFF\" style=\"width: 340.094px;\"><strong><span class=\"style13 style4 style21\">Privatlektioner<\/span><\/strong><\/td>\n<td align=\"left\" valign=\"top\" bgcolor=\"#FFFFFF\" style=\"width: 354.711px;\"><\/td>\n<td bgcolor=\"#FFFFFF\" style=\"width: 350.195px;\"><span class=\"style13 style4 style21\">\u00a0<\/span><\/td>\n<\/tr>\n<tr>\n<td bgcolor=\"#ffffff\" style=\"width: 340.094px;\"><span class=\"style18\">25 min<\/span><\/td>\n<td bgcolor=\"#ffffff\" style=\"width: 354.711px;\"><span class=\"style18\">495:-<\/span><\/td>\n<td bgcolor=\"#ffffff\" style=\"width: 350.195px;\"><\/td>\n<\/tr>\n<tr>\n<td bgcolor=\"#ffffff\" style=\"width: 340.094px;\">50 min<\/td>\n<td bgcolor=\"#ffffff\" style=\"width: 354.711px;\">950:-<\/td>\n<td bgcolor=\"#ffffff\" style=\"width: 350.195px;\"><\/td>\n<\/tr>\n<tr>\n<td bgcolor=\"#ffffff\" style=\"width: 340.094px;\">50 min 3-6 pers<\/td>\n<td bgcolor=\"#ffffff\" style=\"width: 354.711px;\">400:-st<\/td>\n<td bgcolor=\"#ffffff\" style=\"width: 350.195px;\"><\/td>\n<\/tr>\n<tr>\n<td bgcolor=\"#ffffff\" style=\"width: 340.094px;\">50 min 7-10 pers<\/td>\n<td bgcolor=\"#ffffff\" style=\"width: 354.711px;\">300:-st<\/td>\n<td bgcolor=\"#ffffff\" style=\"width: 350.195px;\"><\/td>\n<\/tr>\n<tr>\n<td bgcolor=\"#FFFFFF\" style=\"width: 340.094px;\"><strong><span class=\"style19\" style=\"color: #0d3f2b;\">Lektionspaket<\/span><\/strong><\/td>\n<td bgcolor=\"#FFFFFF\" style=\"width: 354.711px;\"><strong><span class=\"style17\" style=\"color: #0d3f2b;\">Alla dagar<\/span><\/strong><\/td>\n<td bgcolor=\"#FFFFFF\" style=\"width: 350.195px;\"><\/td>\n<\/tr>\n<tr>\n<td style=\"width: 340.094px;\"><span class=\"style18\">3\u00d725 min<\/span><\/td>\n<td style=\"width: 354.711px;\"><span class=\"style18\">1350:- (450:-\/st)<\/span><\/td>\n<td style=\"width: 350.195px;\"><\/td>\n<\/tr>\n<tr>\n<td style=\"width: 340.094px;\"><span class=\"style18\">4\u00d725 min<\/span><\/td>\n<td style=\"width: 354.711px;\"><span class=\"style18\">1700:- (425:-\/st)<\/span><\/td>\n<td style=\"width: 350.195px;\"><\/td>\n<\/tr>\n<tr>\n<td style=\"width: 340.094px;\"><span class=\"style18\">6\u00d725 min<\/span><\/td>\n<td style=\"width: 354.711px;\"><span class=\"style18\">2400:- (400:-\/st)<\/span><\/td>\n<td style=\"width: 350.195px;\"><\/td>\n<\/tr>\n<tr>\n<td style=\"width: 340.094px;\"><span class=\"style18\">10\u00d725 min<\/span><\/td>\n<td style=\"width: 354.711px;\"><span class=\"style18\">3750:- (375:-\/st)<\/span><\/td>\n<td style=\"width: 350.195px;\"><\/td>\n<\/tr>\n<tr>\n<td style=\"width: 340.094px;\"><span class=\"style18\">20\u00d725 min<\/span><\/td>\n<td style=\"width: 354.711px;\"><span class=\"style18\">6800:- (340:-\/st)<\/span><\/td>\n<td style=\"width: 350.195px;\"><\/td>\n<\/tr>\n<tr>\n<td style=\"width: 340.094px;\"><span class=\"style18\">40\u00d725 min<\/span><\/td>\n<td style=\"width: 354.711px;\"><span class=\"style18\">12400:- (310:-\/st)<\/span><\/td>\n<td style=\"width: 350.195px;\"><\/td>\n<\/tr>\n<tr>\n<td style=\"width: 340.094px;\"><\/td>\n<td style=\"width: 354.711px;\"><\/td>\n<td style=\"width: 350.195px;\"><\/td>\n<\/tr>\n<tr>\n<td colspan=\"3\" bgcolor=\"#FFFFFF\" style=\"width: 1045px;\">\n<p>&nbsp;<\/p>\n<div align=\"center\">\u00a0Vid fler \u00e4n en person p\u00e5 privatlektion tillkommer 80:- per 25 min p\u00e5<br \/>styckeslektioner och 60:- per 25 min p\u00e5 lektionspaket.<\/div>\n<p>&nbsp;<\/p>\n<\/td>\n<\/tr>\n<tr>\n<td bgcolor=\"#FFFFFF\" style=\"width: 340.094px;\"><span style=\"color: #0d3f2b;\"><strong><span class=\"style13 style4 style21\">Kurser<\/span><\/strong><\/span><\/td>\n<td bgcolor=\"#FFFFFF\" style=\"width: 354.711px;\"><strong>\u00a0<\/strong><\/td>\n<td bgcolor=\"#FFFFFF\" style=\"width: 350.195px;\"><span style=\"color: #0d3f2b;\"><strong><span class=\"style13 style4 style21\">Pris<\/span><\/strong><\/span><\/td>\n<\/tr>\n<tr>\n<td style=\"width: 340.094px;\"><span class=\"style18\">Privat 1 pers<\/span><\/td>\n<td style=\"width: 354.711px;\"><span class=\"style18\">5\u00d750 min<\/span><\/td>\n<td style=\"width: 350.195px;\"><span class=\"style18\">3500:-<\/span><\/td>\n<\/tr>\n<tr>\n<td style=\"width: 340.094px;\"><span class=\"style18\">Privat 2 pers<\/span><\/td>\n<td style=\"width: 354.711px;\"><span class=\"style18\">5\u00d750 min<\/span><\/td>\n<td style=\"width: 350.195px;\"><span class=\"style18\">2495:-\/pers<\/span><\/td>\n<\/tr>\n<tr>\n<td style=\"width: 340.094px;\"><span class=\"style18\">Privat 3 pers<\/span><\/td>\n<td style=\"width: 354.711px;\"><span class=\"style18\">5\u00d750 min<\/span><\/td>\n<td style=\"width: 350.195px;\"><span class=\"style18\">2195:-\/pers<\/span><\/td>\n<\/tr>\n<tr>\n<td bgcolor=\"#ffffff\" style=\"width: 340.094px;\"><span class=\"style18\">Forts\u00e4ttningskurs<\/span><\/td>\n<td style=\"width: 354.711px;\"><span class=\"style18\">4 tillf\u00e4llen<\/span><\/td>\n<td style=\"width: 350.195px;\"><span class=\"style18\">fr\u00e5n 395:-<\/span><\/td>\n<\/tr>\n<tr>\n<td bgcolor=\"#ffffff\" style=\"width: 340.094px;\"><span class=\"style18\">N\u00e4rspelskurs<\/span><\/td>\n<td style=\"width: 354.711px;\"><span class=\"style18\">3 timmar<\/span><\/td>\n<td style=\"width: 350.195px;\"><span class=\"style18\">695:-<\/span><\/td>\n<\/tr>\n<tr>\n<td bgcolor=\"#ffffff\" style=\"width: 340.094px;\"><span class=\"style18\">Tematr\u00e4ning<\/span><\/td>\n<td style=\"width: 354.711px;\"><span class=\"style18\">10 tillf\u00e4llen<\/span><\/td>\n<td style=\"width: 350.195px;\"><span class=\"style18\">fr\u00e5n 695:-<\/span><\/td>\n<\/tr>\n<tr>\n<td bgcolor=\"#ffffff\" style=\"width: 340.094px;\"><span class=\"style18\">Spellektion<\/span><\/td>\n<td style=\"width: 354.711px;\"><span class=\"style18\">9 h\u00e5l<\/span><\/td>\n<td style=\"width: 350.195px;\"><span class=\"style18\">1800:-<\/span><\/td>\n<\/tr>\n<tr>\n<td bgcolor=\"#ffffff\" style=\"width: 340.094px;\"><span class=\"style18\">Spellektion<\/span><\/td>\n<td style=\"width: 354.711px;\"><span class=\"style18\">18 h\u00e5l<\/span><\/td>\n<td style=\"width: 350.195px;\"><span class=\"style18\">2800:-<\/span><\/td>\n<\/tr>\n<\/tbody>\n<\/table>\n<p>Vet du inte \u00e4nnu vilken kurs du beh\u00f6ver eller \u00e4r intresserad av? Kika p\u00e5 v\u00e5rat kurs och lektionsutbud f\u00f6r att se vad som passar dig b\u00e4st. Hittar du inte vad du s\u00f6ker eller beh\u00f6ver hj\u00e4lp med vilken kurs du b\u00f6r boka, kontakta Anders p\u00e5 mail <a href=\"mailto:anders@andersolssongolf.se\">anders@andersolssongolf.se<\/a> eller sl\u00e5 honom en signal p\u00e5 0706-626300 s\u00e5 hj\u00e4lper han dig g\u00e4rna!<\/p>\n<p><!-- \/wp:paragraph --><\/p>\n<\/div>\n<p><code><\/code><\/p>\n<p><!-- wp:heading {\"level\":3,\"fontSize\":\"medium\"} --><\/p>\n<p><!-- \/wp:heading --><\/p>\n<p><!-- wp:heading {\"level\":5,\"fontSize\":\"medium\"} --><\/p>\n<h5 class=\"has-medium-font-size\">Vi se fram emot att tr\u00e4ffa dig!<br \/>Anders med personal<a href=\"https:\/\/andersolssongolf.se\/golf\/wp-content\/uploads\/2022\/12\/ao-logga-25.jpg\"><\/a><\/h5>\n<p><!-- \/wp:heading --><\/p>[\/et_pb_text][\/et_pb_column][\/et_pb_row][\/et_pb_section]","protected":false},"excerpt":{"rendered":"<p>Prislista f\u00f6r lektioner &amp; kurser p\u00e5 Anders Olsson Golf 2026.Du best\u00e4mmer om du vill ha 25 min eller 50 min p\u00e5 lektionen. Klicka h\u00e4r f\u00f6r att boka din n\u00e4sta kurs hos oss! I v\u00e5r prislista nedan ser du kostnaden f\u00f6r de olika paketen vi erbjuder alla priser \u00e4r inklusive bollar. Vill du spela bra golf [&hellip;]<\/p>\n","protected":false},"author":1,"featured_media":0,"parent":0,"menu_order":5,"comment_status":"closed","ping_status":"closed","template":"","meta":{"_et_pb_use_builder":"on","_et_pb_old_content":"<!-- wp:heading {\"textColor\":\"black\",\"fontSize\":\"medium\"} -->\n<h2 class=\"has-black-color has-text-color has-medium-font-size\"><strong>Prislista f\u00f6r lektioner &amp; kurser p\u00e5 Anders Olsson Golf 2025.<br>Du best\u00e4mmer om du vill ha 25 min eller 50 min p\u00e5 lektionen. Klicka <a href=\"https:\/\/www.netbooking.net\/Booking\/77\/Book\/SelectCourse\/4\" target=\"_blank\" rel=\"noreferrer noopener\">h\u00e4r<\/a> f\u00f6r att boka din n\u00e4sta kurs hos oss! I v\u00e5r prislista nedan ser du kostnaden f\u00f6r de olika paketen vi erbjuder alla priser \u00e4r inklusive bollar.<\/strong><\/h2>\n<!-- \/wp:heading -->\n\n<!-- wp:paragraph -->\n<p><strong>Vill du spela bra golf n\u00e4sta s\u00e4song?<\/strong><br>Tr\u00e4na hela vintern hos oss under tak och med v\u00e4rme s\u00e5 att du ser din bollflykt. Om dina slag och dina sving f\u00f6rb\u00e4ttringar ska k\u00e4nnas naturliga till v\u00e5ren \u00e4r det dags att ta lektioner <strong>NU<\/strong>.<\/p>\n<!-- \/wp:paragraph -->\n\n<!-- wp:paragraph -->\n<p><\/p>\n<!-- \/wp:paragraph -->\n\n<!-- wp:code {\"textColor\":\"black\"} -->\n<pre class=\"wp-block-code has-black-color has-text-color\"><code><div class=\"article-header\"><table border=\"0\" width=\"100%\"><tbody><tr>\n<td align=\"left\" valign=\"top\" bgcolor=\"#FFFFFF\" width=\"135\"><strong><span class=\"style13 style4 style21\">Privatlektioner<\/span><\/strong><\/td>\n<td align=\"left\" valign=\"top\" bgcolor=\"#FFFFFF\" width=\"198\">\u00a0<\/td>\n<td bgcolor=\"#FFFFFF\" width=\"218\"><span class=\"style13 style4 style21\">\u00a0<\/span><\/td>\n<\/tr>\n<tr>\n<td bgcolor=\"#ffffff\"><span class=\"style18\">25 min<\/span><\/td>\n<td bgcolor=\"#ffffff\"><span class=\"style18\">495:-<\/span><\/td>\n<td bgcolor=\"#ffffff\">\u00a0<\/td>\n<\/tr>\n<tr>\n<td bgcolor=\"#ffffff\">50 min<\/td>\n<td bgcolor=\"#ffffff\">950:-<\/td>\n<td bgcolor=\"#ffffff\">\u00a0<\/td>\n<\/tr>\n<tr>\n<td bgcolor=\"#ffffff\">50 min 3-6 pers<\/td>\n<td bgcolor=\"#ffffff\">400:-st<\/td>\n<td bgcolor=\"#ffffff\">\u00a0<\/td>\n<\/tr>\n<tr>\n<td bgcolor=\"#ffffff\">50 min 7-10 pers<\/td>\n<td bgcolor=\"#ffffff\">300:-st<\/td>\n<td bgcolor=\"#ffffff\">\u00a0<\/td>\n<\/tr>\n<tr>\n<td bgcolor=\"#FFFFFF\"><strong><span class=\"style19\" style=\"color: #0d3f2b;\">Lektionspaket<\/span><\/strong><\/td>\n<td bgcolor=\"#FFFFFF\"><strong><span class=\"style17\" style=\"color: #0d3f2b;\">Alla dagar<\/span><\/strong><\/td>\n<td bgcolor=\"#FFFFFF\">\u00a0<\/td>\n<\/tr>\n<tr>\n<td><span class=\"style18\">3\u00d725 min<\/span><\/td>\n<td><span class=\"style18\">1350:- (450:-\/st)<\/span><\/td>\n<td>\u00a0<\/td>\n<\/tr>\n<tr>\n<td><span class=\"style18\">4\u00d725 min<\/span><\/td>\n<td><span class=\"style18\">1700:- (425:-\/st)<\/span><\/td>\n<td>\u00a0<\/td>\n<\/tr>\n<tr>\n<td><span class=\"style18\">6\u00d725 min<\/span><\/td>\n<td><span class=\"style18\">2400:- (400:-\/st)<\/span><\/td>\n<td>\u00a0<\/td>\n<\/tr>\n<tr>\n<td><span class=\"style18\">10\u00d725 min<\/span><\/td>\n<td><span class=\"style18\">3750:- (375:-\/st)<\/span><\/td>\n<td>\u00a0<\/td>\n<\/tr>\n<tr>\n<td><span class=\"style18\">20\u00d725 min<\/span><\/td>\n<td><span class=\"style18\">6800:- (340:-\/st)<\/span><\/td>\n<td>\u00a0<\/td>\n<\/tr>\n<tr>\n<td><span class=\"style18\">40\u00d725 min<\/span><\/td>\n<td><span class=\"style18\">12400:- (310:-\/st)<\/span><\/td>\n<td>\u00a0<\/td>\n<\/tr>\n<tr>\n<td>\u00a0<\/td>\n<td>\u00a0<\/td>\n<td>\u00a0<\/td>\n<\/tr>\n<tr>\n<td colspan=\"3\" bgcolor=\"#FFFFFF\">\n<div align=\"center\">\u00a0Vid fler \u00e4n en person p\u00e5 privatlektion tillkommer 80:- per 25 min p\u00e5\nstyckeslektioner och 60:- per 25 min p\u00e5 lektionspaket.<\/div>\n<\/td>\n<\/tr>\n<tr>\n<td bgcolor=\"#FFFFFF\"><span style=\"color: #0d3f2b;\"><strong><span class=\"style13 style4 style21\">Kurser<\/span><\/strong><\/span><\/td>\n<td bgcolor=\"#FFFFFF\"><strong>\u00a0<\/strong><\/td>\n<td bgcolor=\"#FFFFFF\"><span style=\"color: #0d3f2b;\"><strong><span class=\"style13 style4 style21\">Pris<\/span><\/strong><\/span><\/td>\n<\/tr>\n<tr>\n<td><span class=\"style18\">Privat 1 pers<\/span><\/td>\n<td><span class=\"style18\">5\u00d750 min<\/span><\/td>\n<td><span class=\"style18\">3500:-<\/span><\/td>\n<\/tr>\n<tr>\n<td><span class=\"style18\">Privat 2 pers<\/span><\/td>\n<td><span class=\"style18\">5\u00d750 min<\/span><\/td>\n<td><span class=\"style18\">2495:-\/pers<\/span><\/td>\n<\/tr>\n<tr>\n<td><span class=\"style18\">Privat 3 pers<\/span><\/td>\n<td><span class=\"style18\">5\u00d750 min<\/span><\/td>\n<td><span class=\"style18\">2195:-\/pers<\/span><\/td>\n<\/tr>\n<tr>\n<td bgcolor=\"#ffffff\"><span class=\"style18\">Forts\u00e4ttningskurs<\/span><\/td>\n<td><span class=\"style18\">4 tillf\u00e4llen<\/span><\/td>\n<td><span class=\"style18\">fr\u00e5n 395:-<\/span><\/td>\n<\/tr>\n<tr>\n<td bgcolor=\"#ffffff\"><span class=\"style18\">N\u00e4rspelskurs<\/span><\/td>\n<td><span class=\"style18\">3 timmar<\/span><\/td>\n<td><span class=\"style18\">695:-<\/span><\/td>\n<\/tr>\n<tr>\n<td bgcolor=\"#ffffff\"><span class=\"style18\">Tematr\u00e4ning<\/span><\/td>\n<td><span class=\"style18\">10 tillf\u00e4llen<\/span><\/td>\n<td><span class=\"style18\">fr\u00e5n 695:-<\/span><\/td>\n<\/tr>\n<tr>\n<td bgcolor=\"#ffffff\"><span class=\"style18\">Spellektion<\/span><\/td>\n<td><span class=\"style18\">9 h\u00e5l<\/span><\/td>\n<td><span class=\"style18\">1800:-<\/span><\/td>\n<\/tr>\n<tr>\n<td bgcolor=\"#ffffff\"><span class=\"style18\">Spellektion<\/span><\/td>\n<td><span class=\"style18\">18 h\u00e5l<\/span><\/td>\n<td><span class=\"style18\">2800:-<\/span><\/td>\n<\/tr>\n<\/tbody>\n<\/table>\n<\/div><\/code><\/pre>\n<!-- \/wp:code -->\n\n<!-- wp:heading {\"level\":3,\"fontSize\":\"medium\"} -->\n<h3 class=\"has-medium-font-size\">Vet du inte \u00e4nnu vilken kurs du beh\u00f6ver eller \u00e4r intresserad av? Kika p\u00e5 v\u00e5rat kurs och lektionsutbud f\u00f6r att se vad som passar dig b\u00e4st. Hittar du inte vad du s\u00f6ker eller beh\u00f6ver hj\u00e4lp med vilken kurs du b\u00f6r boka, kontakta Anders p\u00e5 mail <a href=\"mailto:anders@andersolssongolf.se\">anders@andersolssongolf.se<\/a> eller sl\u00e5 honom en signal p\u00e5 0706-626300 s\u00e5 hj\u00e4lper han dig g\u00e4rna! <\/h3>\n<!-- \/wp:heading -->\n\n<!-- wp:heading {\"level\":5,\"fontSize\":\"medium\"} -->\n<h5 class=\"has-medium-font-size\">Vi se fram emot att tr\u00e4ffa dig! <br>Anders med personal<\/h5>\n<!-- \/wp:heading -->\n\n<!-- wp:image {\"align\":\"center\",\"id\":1920,\"width\":256,\"height\":249,\"sizeSlug\":\"large\",\"linkDestination\":\"media\"} -->\n<figure class=\"wp-block-image aligncenter size-large is-resized\"><a href=\"https:\/\/andersolssongolf.se\/golf\/wp-content\/uploads\/2022\/12\/ao-logga-25.jpg\"><img src=\"https:\/\/andersolssongolf.se\/golf\/wp-content\/uploads\/2022\/12\/ao-logga-25-1024x995.jpg\" alt=\"\" class=\"wp-image-1920\" width=\"256\" height=\"249\"\/><\/a><\/figure>\n<!-- \/wp:image -->","_et_gb_content_width":"","footnotes":""},"dipi_cpt_category":[],"class_list":["post-36","page","type-page","status-publish","hentry"],"yoast_head":"<!-- This site is optimized with the Yoast SEO plugin v27.4 - https:\/\/yoast.com\/product\/yoast-seo-wordpress\/ -->\n<title>Prislista f\u00f6r lektioner med mer p\u00e5 Anders Olsson Golf<\/title>\n<meta name=\"description\" content=\"Ta del av v\u00e5r prislista f\u00f6r att se lektionspriser f\u00f6r individuella lektioner samt grupplektioner. H\u00e4r hittar du \u00e4ven info om \u00f6vriga kurser!\" \/>\n<meta name=\"robots\" content=\"index, follow, max-snippet:-1, max-image-preview:large, max-video-preview:-1\" \/>\n<link rel=\"canonical\" href=\"https:\/\/andersolssongolf.se\/golf\/prislista\/\" \/>\n<meta property=\"og:locale\" content=\"sv_SE\" \/>\n<meta property=\"og:type\" content=\"article\" \/>\n<meta property=\"og:title\" content=\"Prislista f\u00f6r lektioner med mer p\u00e5 Anders Olsson Golf\" \/>\n<meta property=\"og:description\" content=\"Ta del av v\u00e5r prislista f\u00f6r att se lektionspriser f\u00f6r individuella lektioner samt grupplektioner. H\u00e4r hittar du \u00e4ven info om \u00f6vriga kurser!\" \/>\n<meta property=\"og:url\" content=\"https:\/\/andersolssongolf.se\/golf\/prislista\/\" \/>\n<meta property=\"og:site_name\" content=\"Anders Olsson Golf\" \/>\n<meta property=\"article:publisher\" content=\"https:\/\/www.facebook.com\/HylliekrokensGolfAcademy\" \/>\n<meta property=\"article:modified_time\" content=\"2026-04-17T08:14:54+00:00\" \/>\n<meta name=\"twitter:card\" content=\"summary_large_image\" \/>\n<meta name=\"twitter:label1\" content=\"Ber\u00e4knad l\u00e4stid\" \/>\n\t<meta name=\"twitter:data1\" content=\"2 minuter\" \/>\n<script type=\"application\/ld+json\" class=\"yoast-schema-graph\">{\"@context\":\"https:\\\/\\\/schema.org\",\"@graph\":[{\"@type\":\"WebPage\",\"@id\":\"https:\\\/\\\/andersolssongolf.se\\\/golf\\\/prislista\\\/\",\"url\":\"https:\\\/\\\/andersolssongolf.se\\\/golf\\\/prislista\\\/\",\"name\":\"Prislista f\u00f6r lektioner med mer p\u00e5 Anders Olsson Golf\",\"isPartOf\":{\"@id\":\"https:\\\/\\\/andersolssongolf.se\\\/golf\\\/#website\"},\"datePublished\":\"2016-04-18T14:05:26+00:00\",\"dateModified\":\"2026-04-17T08:14:54+00:00\",\"description\":\"Ta del av v\u00e5r prislista f\u00f6r att se lektionspriser f\u00f6r individuella lektioner samt grupplektioner. H\u00e4r hittar du \u00e4ven info om \u00f6vriga kurser!\",\"breadcrumb\":{\"@id\":\"https:\\\/\\\/andersolssongolf.se\\\/golf\\\/prislista\\\/#breadcrumb\"},\"inLanguage\":\"sv-SE\",\"potentialAction\":[{\"@type\":\"ReadAction\",\"target\":[\"https:\\\/\\\/andersolssongolf.se\\\/golf\\\/prislista\\\/\"]}]},{\"@type\":\"BreadcrumbList\",\"@id\":\"https:\\\/\\\/andersolssongolf.se\\\/golf\\\/prislista\\\/#breadcrumb\",\"itemListElement\":[{\"@type\":\"ListItem\",\"position\":1,\"name\":\"Hem\",\"item\":\"https:\\\/\\\/andersolssongolf.se\\\/golf\\\/\"},{\"@type\":\"ListItem\",\"position\":2,\"name\":\"Prislista\"}]},{\"@type\":\"WebSite\",\"@id\":\"https:\\\/\\\/andersolssongolf.se\\\/golf\\\/#website\",\"url\":\"https:\\\/\\\/andersolssongolf.se\\\/golf\\\/\",\"name\":\"Anders Olsson Golf\",\"description\":\"Det enkla valet f\u00f6r f\u00e4rre slag p\u00e5 banan\",\"publisher\":{\"@id\":\"https:\\\/\\\/andersolssongolf.se\\\/golf\\\/#organization\"},\"potentialAction\":[{\"@type\":\"SearchAction\",\"target\":{\"@type\":\"EntryPoint\",\"urlTemplate\":\"https:\\\/\\\/andersolssongolf.se\\\/golf\\\/?s={search_term_string}\"},\"query-input\":{\"@type\":\"PropertyValueSpecification\",\"valueRequired\":true,\"valueName\":\"search_term_string\"}}],\"inLanguage\":\"sv-SE\"},{\"@type\":\"Organization\",\"@id\":\"https:\\\/\\\/andersolssongolf.se\\\/golf\\\/#organization\",\"name\":\"Anders Olsson Golf\",\"url\":\"https:\\\/\\\/andersolssongolf.se\\\/golf\\\/\",\"logo\":{\"@type\":\"ImageObject\",\"inLanguage\":\"sv-SE\",\"@id\":\"https:\\\/\\\/andersolssongolf.se\\\/golf\\\/#\\\/schema\\\/logo\\\/image\\\/\",\"url\":\"https:\\\/\\\/andersolssongolf.se\\\/golf\\\/wp-content\\\/uploads\\\/2022\\\/12\\\/logo.png\",\"contentUrl\":\"https:\\\/\\\/andersolssongolf.se\\\/golf\\\/wp-content\\\/uploads\\\/2022\\\/12\\\/logo.png\",\"width\":300,\"height\":292,\"caption\":\"Anders Olsson Golf\"},\"image\":{\"@id\":\"https:\\\/\\\/andersolssongolf.se\\\/golf\\\/#\\\/schema\\\/logo\\\/image\\\/\"},\"sameAs\":[\"https:\\\/\\\/www.facebook.com\\\/HylliekrokensGolfAcademy\",\"https:\\\/\\\/www.instagram.com\\\/andersolssongolf\\\/\",\"https:\\\/\\\/www.youtube.com\\\/results?search_query=hylliekrokensgolfacademy\"]}]}<\/script>\n<!-- \/ Yoast SEO plugin. -->","yoast_head_json":{"title":"Prislista f\u00f6r lektioner med mer p\u00e5 Anders Olsson Golf","description":"Ta del av v\u00e5r prislista f\u00f6r att se lektionspriser f\u00f6r individuella lektioner samt grupplektioner. H\u00e4r hittar du \u00e4ven info om \u00f6vriga kurser!","robots":{"index":"index","follow":"follow","max-snippet":"max-snippet:-1","max-image-preview":"max-image-preview:large","max-video-preview":"max-video-preview:-1"},"canonical":"https:\/\/andersolssongolf.se\/golf\/prislista\/","og_locale":"sv_SE","og_type":"article","og_title":"Prislista f\u00f6r lektioner med mer p\u00e5 Anders Olsson Golf","og_description":"Ta del av v\u00e5r prislista f\u00f6r att se lektionspriser f\u00f6r individuella lektioner samt grupplektioner. H\u00e4r hittar du \u00e4ven info om \u00f6vriga kurser!","og_url":"https:\/\/andersolssongolf.se\/golf\/prislista\/","og_site_name":"Anders Olsson Golf","article_publisher":"https:\/\/www.facebook.com\/HylliekrokensGolfAcademy","article_modified_time":"2026-04-17T08:14:54+00:00","twitter_card":"summary_large_image","twitter_misc":{"Ber\u00e4knad l\u00e4stid":"2 minuter"},"schema":{"@context":"https:\/\/schema.org","@graph":[{"@type":"WebPage","@id":"https:\/\/andersolssongolf.se\/golf\/prislista\/","url":"https:\/\/andersolssongolf.se\/golf\/prislista\/","name":"Prislista f\u00f6r lektioner med mer p\u00e5 Anders Olsson Golf","isPartOf":{"@id":"https:\/\/andersolssongolf.se\/golf\/#website"},"datePublished":"2016-04-18T14:05:26+00:00","dateModified":"2026-04-17T08:14:54+00:00","description":"Ta del av v\u00e5r prislista f\u00f6r att se lektionspriser f\u00f6r individuella lektioner samt grupplektioner. H\u00e4r hittar du \u00e4ven info om \u00f6vriga kurser!","breadcrumb":{"@id":"https:\/\/andersolssongolf.se\/golf\/prislista\/#breadcrumb"},"inLanguage":"sv-SE","potentialAction":[{"@type":"ReadAction","target":["https:\/\/andersolssongolf.se\/golf\/prislista\/"]}]},{"@type":"BreadcrumbList","@id":"https:\/\/andersolssongolf.se\/golf\/prislista\/#breadcrumb","itemListElement":[{"@type":"ListItem","position":1,"name":"Hem","item":"https:\/\/andersolssongolf.se\/golf\/"},{"@type":"ListItem","position":2,"name":"Prislista"}]},{"@type":"WebSite","@id":"https:\/\/andersolssongolf.se\/golf\/#website","url":"https:\/\/andersolssongolf.se\/golf\/","name":"Anders Olsson Golf","description":"Det enkla valet f\u00f6r f\u00e4rre slag p\u00e5 banan","publisher":{"@id":"https:\/\/andersolssongolf.se\/golf\/#organization"},"potentialAction":[{"@type":"SearchAction","target":{"@type":"EntryPoint","urlTemplate":"https:\/\/andersolssongolf.se\/golf\/?s={search_term_string}"},"query-input":{"@type":"PropertyValueSpecification","valueRequired":true,"valueName":"search_term_string"}}],"inLanguage":"sv-SE"},{"@type":"Organization","@id":"https:\/\/andersolssongolf.se\/golf\/#organization","name":"Anders Olsson Golf","url":"https:\/\/andersolssongolf.se\/golf\/","logo":{"@type":"ImageObject","inLanguage":"sv-SE","@id":"https:\/\/andersolssongolf.se\/golf\/#\/schema\/logo\/image\/","url":"https:\/\/andersolssongolf.se\/golf\/wp-content\/uploads\/2022\/12\/logo.png","contentUrl":"https:\/\/andersolssongolf.se\/golf\/wp-content\/uploads\/2022\/12\/logo.png","width":300,"height":292,"caption":"Anders Olsson Golf"},"image":{"@id":"https:\/\/andersolssongolf.se\/golf\/#\/schema\/logo\/image\/"},"sameAs":["https:\/\/www.facebook.com\/HylliekrokensGolfAcademy","https:\/\/www.instagram.com\/andersolssongolf\/","https:\/\/www.youtube.com\/results?search_query=hylliekrokensgolfacademy"]}]}},"_links":{"self":[{"href":"https:\/\/andersolssongolf.se\/golf\/wp-json\/wp\/v2\/pages\/36","targetHints":{"allow":["GET"]}}],"collection":[{"href":"https:\/\/andersolssongolf.se\/golf\/wp-json\/wp\/v2\/pages"}],"about":[{"href":"https:\/\/andersolssongolf.se\/golf\/wp-json\/wp\/v2\/types\/page"}],"author":[{"embeddable":true,"href":"https:\/\/andersolssongolf.se\/golf\/wp-json\/wp\/v2\/users\/1"}],"replies":[{"embeddable":true,"href":"https:\/\/andersolssongolf.se\/golf\/wp-json\/wp\/v2\/comments?post=36"}],"version-history":[{"count":0,"href":"https:\/\/andersolssongolf.se\/golf\/wp-json\/wp\/v2\/pages\/36\/revisions"}],"wp:attachment":[{"href":"https:\/\/andersolssongolf.se\/golf\/wp-json\/wp\/v2\/media?parent=36"}],"wp:term":[{"taxonomy":"dipi_cpt_category","embeddable":true,"href":"https:\/\/andersolssongolf.se\/golf\/wp-json\/wp\/v2\/dipi_cpt_category?post=36"}],"curies":[{"name":"wp","href":"https:\/\/api.w.org\/{rel}","templated":true}]}}