{"id":558,"date":"2020-12-18T12:23:44","date_gmt":"2020-12-18T12:23:44","guid":{"rendered":"http:\/\/hylliekrokensgolfacademy.se\/golf\/?page_id=558"},"modified":"2025-03-26T11:33:41","modified_gmt":"2025-03-26T11:33:41","slug":"golf-academy-presentkort","status":"publish","type":"page","link":"https:\/\/andersolssongolf.se\/golf\/golf-academy-presentkort\/","title":{"rendered":"Golf Academy Presentkort"},"content":{"rendered":"<p>[et_pb_section fb_built=&#8221;1&#8243; specialty=&#8221;on&#8221; padding_top_1=&#8221;0px&#8221; padding_top_bottom_link_1=&#8221;false&#8221; padding_left_right_link_1=&#8221;false&#8221; admin_label=&#8221;Hero&#8221; _builder_version=&#8221;4.25.2&#8243; _module_preset=&#8221;default&#8221; use_background_color_gradient=&#8221;on&#8221; background_color_gradient_stops=&#8221;rgba(0,0,0,0.6) 0%|rgba(0,0,0,0.6) 100%&#8221; background_color_gradient_overlays_image=&#8221;on&#8221; background_image=&#8221;https:\/\/images.unsplash.com\/photo-1516705416642-fa4f130a0bb3?ixid=M3w1ODkyNzF8MHwxfHNlYXJjaHwyfHxnb2xmJTIwY291cnNlJTIwbGFuZHNjYXBlfGVufDB8MHx8fDE3NDI3NTg4Nzl8MA&#038;ixlib=rb-4.0.3&#038;fm=webp&#038;fit=crop&#038;crop=entropy&#038;w=1920&#038;h=1080&#038;q=20&#038;dpr=2&#8243; custom_padding=&#8221;0vw||0vw||true|false&#8221; locked=&#8221;off&#8221; collapsed=&#8221;on&#8221; global_colors_info=&#8221;{}&#8221;][et_pb_column type=&#8221;1_2&#8243; _builder_version=&#8221;4.16&#8243; _module_preset=&#8221;73121f80-a3ef-4484-8763-c3f18e3c56d2&#8243; custom_padding=&#8221;|||&#8221; global_colors_info=&#8221;{}&#8221; custom_padding__hover=&#8221;|||&#8221;][et_pb_divider show_divider=&#8221;off&#8221; _builder_version=&#8221;4.27.4&#8243; _module_preset=&#8221;default&#8221; height=&#8221;198px&#8221; max_height=&#8221;100px&#8221; global_colors_info=&#8221;{}&#8221;][\/et_pb_divider][et_pb_heading title=&#8221;Upplev Golfens Magi med Anders Olsson&#8221; _builder_version=&#8221;4.27.4&#8243; _module_preset=&#8221;ddeb8c09-9078-4424-bc15-2efb6572e28e&#8221; title_font=&#8221;&#8211;et_global_heading_font|Playfair Display_weight|||||||&#8221; title_text_color=&#8221;#FFFFFF&#8221; locked=&#8221;off&#8221; global_colors_info=&#8221;{}&#8221;][\/et_pb_heading][\/et_pb_column][et_pb_column type=&#8221;1_2&#8243; specialty_columns=&#8221;2&#8243; _builder_version=&#8221;4.16&#8243; _module_preset=&#8221;default&#8221; custom_padding=&#8221;|||&#8221; global_colors_info=&#8221;{}&#8221; custom_padding__hover=&#8221;|||&#8221;][et_pb_row_inner _builder_version=&#8221;4.24.3&#8243; _module_preset=&#8221;533f52f4-ee6c-4dcb-aade-f0bc088a737f&#8221; position_origin_a=&#8221;bottom_left&#8221; width=&#8221;100%&#8221; border_radii=&#8221;on|6px|6px|6px|6px&#8221; global_colors_info=&#8221;{}&#8221;][et_pb_column_inner saved_specialty_column_type=&#8221;1_2&#8243; _builder_version=&#8221;4.16.0&#8243; _module_preset=&#8221;73121f80-a3ef-4484-8763-c3f18e3c56d2&#8243; global_colors_info=&#8221;{}&#8221;][et_pb_heading title=&#8221;F\u00f6rb\u00e4ttra Ditt Spel Idag&#8221; _builder_version=&#8221;4.24.3&#8243; _module_preset=&#8221;f0c675ea-2574-4d0e-b725-30f8550a8550&#8243; title_font=&#8221;Source Sans Pro|Playfair Display_weight||on|||||&#8221; title_text_align=&#8221;center&#8221; title_text_color=&#8221;#57cc99&#8243; locked=&#8221;off&#8221; global_colors_info=&#8221;{%22#57cc99%22:%91%22title_text_color%22%93}&#8221;][\/et_pb_heading][et_pb_heading title=&#8221;Ge Bort En Of\u00f6rgl\u00f6mlig Golfupplevelse&#8221; _builder_version=&#8221;4.27.4&#8243; _module_preset=&#8221;ba4a6336-701f-47b8-bf5c-09da0ce28016&#8243; title_font=&#8221;&#8211;et_global_heading_font|Playfair Display_weight|||||||&#8221; title_text_align=&#8221;center&#8221; locked=&#8221;off&#8221; global_colors_info=&#8221;{}&#8221;][\/et_pb_heading][et_pb_text quote_border_color=&#8221;#57cc99&#8243; _builder_version=&#8221;4.24.3&#8243; _module_preset=&#8221;2c55a9c4-feed-423b-9edb-ae0b5b365cac&#8221; text_font=&#8221;Source Sans Pro|Source Sans Pro_weight|||||||&#8221; link_font=&#8221;|Source Sans Pro_weight|||||||&#8221; link_text_color=&#8221;#95d8d4&#8243; quote_font=&#8221;Playfair Display|Playfair Display_weight|||||||&#8221; header_font=&#8221;Playfair Display|Playfair Display_weight|||||||&#8221; header_2_font=&#8221;Playfair Display|Playfair Display_weight|||||||&#8221; header_3_font=&#8221;Playfair Display|Playfair Display_weight|||||||&#8221; header_4_font=&#8221;Playfair Display|Playfair Display_weight|||||||&#8221; header_5_font=&#8221;Playfair Display|Playfair Display_weight|||||||&#8221; header_6_font=&#8221;Playfair Display|Playfair Display_weight|||||||&#8221; text_orientation=&#8221;center&#8221; locked=&#8221;off&#8221; global_colors_info=&#8221;{}&#8221;]<\/p>\n<p>Skapa minnen p\u00e5 golfbanan med v\u00e5ra exklusiva presentkort.<\/p>\n<p>[\/et_pb_text][et_pb_button button_text=&#8221;K\u00f6p Presentkort&#8221; button_alignment=&#8221;center&#8221; _builder_version=&#8221;4.27.4&#8243; _module_preset=&#8221;1bffc0fc-42a0-49d1-bd9a-ae3ade2d7206&#8243; button_bg_color=&#8221;#375D17&#8243; button_font=&#8221;Source Sans Pro|700|||||||&#8221; hover_enabled=&#8221;0&#8243; locked=&#8221;off&#8221; global_colors_info=&#8221;{}&#8221; button_url=&#8221;https:\/\/andersolssongolf.se\/golf\/kontakt-4\/&#8221; sticky_enabled=&#8221;0&#8243;][\/et_pb_button][\/et_pb_column_inner][\/et_pb_row_inner][\/et_pb_column][\/et_pb_section][et_pb_section fb_built=&#8221;1&#8243; admin_label=&#8221;Services&#8221; _builder_version=&#8221;4.18.0&#8243; _module_preset=&#8221;default&#8221; locked=&#8221;off&#8221; collapsed=&#8221;on&#8221; global_colors_info=&#8221;{}&#8221;][et_pb_row column_structure=&#8221;3_5,2_5&#8243; custom_padding_last_edited=&#8221;on|tablet&#8221; _builder_version=&#8221;4.27.4&#8243; _module_preset=&#8221;5138c454-be54-4233-bd3b-f8e6a8747976&#8243; use_background_color_gradient=&#8221;on&#8221; background_color_gradient_stops=&#8221;rgba(0,0,0,0.4) 0%|rgba(0,0,0,0.4) 100%&#8221; background_color_gradient_overlays_image=&#8221;on&#8221; background_image=&#8221;https:\/\/andersolssongolf.se\/golf\/wp-content\/uploads\/2025\/01\/golf_course_52.jpg&#8221; custom_margin=&#8221;||30px||false|false&#8221; custom_padding=&#8221;6vw|60px|6vw|60px|true|true&#8221; custom_padding_tablet=&#8221;|30px||30px|true|true&#8221; custom_padding_phone=&#8221;|20px||20px|true|true&#8221; border_radii=&#8221;on|6px|6px|6px|6px&#8221; global_colors_info=&#8221;{}&#8221;][et_pb_column type=&#8221;3_5&#8243; _builder_version=&#8221;4.16.0&#8243; _module_preset=&#8221;73121f80-a3ef-4484-8763-c3f18e3c56d2&#8243; global_colors_info=&#8221;{}&#8221;][et_pb_heading title=&#8221;V\u00e5ra Presentkort&#8221; _builder_version=&#8221;4.27.4&#8243; _module_preset=&#8221;c33f07d9-41e0-421a-8799-5799df695cce&#8221; title_font=&#8221;&#8211;et_global_heading_font|Playfair Display_weight|||||||&#8221; title_text_color=&#8221;#FFFFFF&#8221; global_colors_info=&#8221;{}&#8221;][\/et_pb_heading][\/et_pb_column][et_pb_column type=&#8221;2_5&#8243; _builder_version=&#8221;4.16.0&#8243; _module_preset=&#8221;73121f80-a3ef-4484-8763-c3f18e3c56d2&#8243; global_colors_info=&#8221;{}&#8221;][\/et_pb_column][\/et_pb_row][et_pb_row custom_padding_last_edited=&#8221;on|tablet&#8221; _builder_version=&#8221;4.24.2&#8243; _module_preset=&#8221;5138c454-be54-4233-bd3b-f8e6a8747976&#8243; custom_padding_tablet=&#8221;||0px||false|false&#8221; custom_padding_phone=&#8221;||0px||false|false&#8221; locked=&#8221;off&#8221; global_colors_info=&#8221;{}&#8221;][et_pb_column type=&#8221;4_4&#8243; _builder_version=&#8221;4.18.0&#8243; _module_preset=&#8221;73121f80-a3ef-4484-8763-c3f18e3c56d2&#8243; global_colors_info=&#8221;{}&#8221;][et_pb_blurb use_icon=&#8221;on&#8221; font_icon=&#8221;&#xf06b;||fa||900&#8243; icon_color=&#8221;#375D17&#8243; icon_alignment=&#8221;center&#8221; _builder_version=&#8221;4.27.4&#8243; _module_preset=&#8221;212b201d-2c34-41bd-936c-851b7357d08b&#8221; header_font=&#8221;&#8211;et_global_heading_font|Playfair Display_weight|||||||&#8221; body_font=&#8221;Source Sans Pro|Source Sans Pro_weight|||||||&#8221; body_link_text_color=&#8221;#95d8d4&#8243; background_mask_style=&#8221;corner-pill&#8221; text_orientation=&#8221;center&#8221; locked=&#8221;off&#8221; global_colors_info=&#8221;{%22gcid-primary-color%22:%91%22body_link_text_color%22%93,%22gcid-heading-color%22:%91%22header_text_color%22%93,%22gcid-body-color%22:%91%22body_text_color%22%93,%22#3c3a47%22:%91%22body_text_color%22,%22body_text_color%22%93,%22#0e0c19%22:%91%22header_text_color%22,%22header_text_color%22%93}&#8221;]<\/p>\n<p>Anders Olsson Golf presentkort \u00e4r ett perfekt alternativ f\u00f6r dig som vill ge bort golflektioner eller grupptr\u00e4ning i present till en n\u00e4rst\u00e5ende.\u00a0N\u00e4r du \u00e4r i Malm\u00f6 \u00e4r du aldrig l\u00e5ngt ifr\u00e5n att \u00f6va p\u00e5 din swing, s\u00e5 bjud med n\u00e5gon du g\u00e4rna vill spendera en stund p\u00e5 golfbanan med.<\/p>\n<p>Ge bort ett presentkort till n\u00e5gon som \u00e4lskar golf eller kanske n\u00e5gon du vill introducera till sporten! Vi erbjuder privatlektioner och grupptr\u00e4ning. F\u00f6rutom detta arrangerar vi en m\u00e4ngd olika special event \u2013 n\u00e5got som passar alla helt enkelt! Perfekt till f\u00f6delsedagar eller som present att ge bort vid firande. Eller varf\u00f6r inte som en g\u00e5va om ni vill bjuda med en n\u00e4ra f\u00f6r att spendera lite kvalitativ tid, l\u00e4ra er mer och dessutom umg\u00e5s p\u00e5 banan!<\/p>\n<p>Ring och best\u00e4ll ditt presentkort redan idag s\u00e5 skickar vi hem det till dig. Dessutom kan du enkelt betala \u00f6ver telefon, ring 0706-626300 s\u00e5 hj\u00e4lper vi dig. Betalningen g\u00f6r du till bankgiro: 706-7838 eller swish 123 187 3116. Giltigheten p\u00e5 presentkortet \u00e4r 1 \u00e5r fr\u00e5n datumet det k\u00f6ptes.<\/p>\n<p>Klicka\u00a0<a href=\"https:\/\/hylliekrokensgolfacademy.se\/golf\/kurser\/\" target=\"_blank\" rel=\"noreferrer noopener\"><span style=\"color: #008000;\">h\u00e4r<\/span><\/a>\u00a0f\u00f6r att se vilka lektioner och kurser vi erbjuder, eller kontakta Anders p\u00e5 antingen mail eller telefon f\u00f6r att f\u00e5 mer information:<\/p>\n<p>[\/et_pb_blurb][\/et_pb_column][\/et_pb_row][et_pb_row column_structure=&#8221;1_2,1_2&#8243; _builder_version=&#8221;4.27.4&#8243; _module_preset=&#8221;default&#8221; global_colors_info=&#8221;{}&#8221;][et_pb_column type=&#8221;1_2&#8243; _builder_version=&#8221;4.27.4&#8243; _module_preset=&#8221;default&#8221; global_colors_info=&#8221;{}&#8221;][et_pb_blurb title=&#8221;Epost:&#8221; use_icon=&#8221;on&#8221; font_icon=&#8221;&#xf0e0;||fa||900&#8243; image_icon_width=&#8221;36px&#8221; icon_alignment=&#8221;center&#8221; _builder_version=&#8221;4.27.4&#8243; _module_preset=&#8221;default&#8221; text_orientation=&#8221;center&#8221; global_colors_info=&#8221;{}&#8221;]<\/p>\n<p><a href=\"mailto:%20anders@andersolssongolf.se\">anders@andersolssongolf.se<\/a><\/p>\n<p>[\/et_pb_blurb][\/et_pb_column][et_pb_column type=&#8221;1_2&#8243; _builder_version=&#8221;4.27.4&#8243; _module_preset=&#8221;default&#8221; global_colors_info=&#8221;{}&#8221;][et_pb_blurb title=&#8221;Telefon:&#8221; use_icon=&#8221;on&#8221; font_icon=&#8221;&#xf87b;||fa||900&#8243; image_icon_width=&#8221;36px&#8221; icon_alignment=&#8221;center&#8221; _builder_version=&#8221;4.27.4&#8243; _module_preset=&#8221;default&#8221; text_orientation=&#8221;center&#8221; global_colors_info=&#8221;{}&#8221;]<\/p>\n<p>0706-626300<\/p>\n<p>[\/et_pb_blurb][\/et_pb_column][\/et_pb_row][\/et_pb_section][et_pb_section fb_built=&#8221;1&#8243; admin_label=&#8221;Call to Action&#8221; _builder_version=&#8221;4.23.1&#8243; _module_preset=&#8221;default&#8221; use_background_color_gradient=&#8221;on&#8221; background_color_gradient_stops=&#8221;rgba(0,0,0,0.75) 0%|rgba(0,0,0,0.75) 100%&#8221; background_color_gradient_overlays_image=&#8221;on&#8221; background_image=&#8221;https:\/\/images.unsplash.com\/photo-1514480573427-1f96cbed6a27?ixid=M3w1ODkyNzF8MHwxfHNlYXJjaHwzfHxnb2xmJTIwY291cnNlJTIwbGFuZHNjYXBlfGVufDB8MHx8fDE3NDI3NTg4Nzl8MA&#038;ixlib=rb-4.0.3&#038;fm=webp&#038;fit=crop&#038;crop=entropy&#038;w=1920&#038;h=1080&#038;q=20&#038;dpr=2&#8243; custom_padding=&#8221;8vw||8vw||true|false&#8221; locked=&#8221;off&#8221; collapsed=&#8221;on&#8221; global_colors_info=&#8221;{%22gcid-36fd78a7-34bc-404d-873c-dafa34efaae5%22:%91%22button_text_color%22%93}&#8221;][et_pb_row _builder_version=&#8221;4.27.4&#8243; _module_preset=&#8221;5138c454-be54-4233-bd3b-f8e6a8747976&#8243; width=&#8221;70%&#8221; max_width=&#8221;none&#8221; global_colors_info=&#8221;{}&#8221;][et_pb_column type=&#8221;4_4&#8243; _builder_version=&#8221;4.27.4&#8243; _module_preset=&#8221;73121f80-a3ef-4484-8763-c3f18e3c56d2&#8243; global_colors_info=&#8221;{}&#8221;][et_pb_heading title=&#8221;Ta steget mot b\u00e4ttre golf med v\u00e5ra presentkort!&#8221; _builder_version=&#8221;4.24.2&#8243; _module_preset=&#8221;ddeb8c09-9078-4424-bc15-2efb6572e28e&#8221; title_font=&#8221;Playfair Display|Playfair Display_weight|||||||&#8221; title_text_align=&#8221;center&#8221; title_text_color=&#8221;#FFFFFF&#8221; global_colors_info=&#8221;{}&#8221;][\/et_pb_heading][et_pb_button button_text=&#8221;K\u00f6p ett presentkort nu&#8221; button_alignment=&#8221;center&#8221; _builder_version=&#8221;4.27.4&#8243; _module_preset=&#8221;ab15fb74-61a3-43aa-96b3-41e09aeef654&#8243; button_text_color=&#8221;#FFFFFF&#8221; button_bg_color=&#8221;#375D17&#8243; button_font=&#8221;Source Sans Pro|700|||||||&#8221; hover_enabled=&#8221;0&#8243; locked=&#8221;off&#8221; global_colors_info=&#8221;{}&#8221; button_url=&#8221;https:\/\/andersolssongolf.se\/golf\/kontakt-4\/&#8221; sticky_enabled=&#8221;0&#8243;][\/et_pb_button][\/et_pb_column][\/et_pb_row][\/et_pb_section]<\/p>\n","protected":false},"excerpt":{"rendered":"<p>Skapa minnen p\u00e5 golfbanan med v\u00e5ra exklusiva presentkort.Anders Olsson Golf presentkort \u00e4r ett perfekt alternativ f\u00f6r dig som vill ge bort golflektioner eller grupptr\u00e4ning i present till en n\u00e4rst\u00e5ende.\u00a0N\u00e4r du \u00e4r i Malm\u00f6 \u00e4r du aldrig l\u00e5ngt ifr\u00e5n att \u00f6va p\u00e5 din swing, s\u00e5 bjud med n\u00e5gon du g\u00e4rna vill spendera en stund p\u00e5 golfbanan [&hellip;]<\/p>\n","protected":false},"author":1,"featured_media":0,"parent":0,"menu_order":0,"comment_status":"closed","ping_status":"closed","template":"","meta":{"_et_pb_use_builder":"on","_et_pb_old_content":"<!-- wp:heading {\"align\":\"center\",\"style\":{\"typography\":{\"fontStyle\":\"normal\",\"fontWeight\":\"600\"}},\"fontSize\":\"medium\"} -->\n<h2 class=\"has-medium-font-size\" style=\"font-style:normal;font-weight:600\"><strong>Anders Olsson Golf presentkort \u00e4r ett perfekt alternativ f\u00f6r dig som vill ge bort golflektioner eller grupptr\u00e4ning i present till en n\u00e4rst\u00e5ende.<\/strong> N\u00e4r du \u00e4r i Malm\u00f6 \u00e4r du aldrig l\u00e5ngt ifr\u00e5n att \u00f6va p\u00e5 din swing, s\u00e5 bjud med n\u00e5gon du g\u00e4rna vill spendera en stund p\u00e5 golfbanan med. <\/h2>\n<!-- \/wp:heading -->\n\n<!-- wp:paragraph -->\n<p><\/p>\n<!-- \/wp:paragraph -->\n\n<!-- wp:heading {\"level\":3,\"style\":{\"typography\":{\"fontStyle\":\"normal\",\"fontWeight\":\"600\"}},\"fontSize\":\"medium\"} -->\n<h3 class=\"has-medium-font-size\" style=\"font-style:normal;font-weight:600\">Ge bort ett presentkort till n\u00e5gon som \u00e4lskar golf eller kanske n\u00e5gon du vill introducera till sporten! Vi erbjuder privatlektioner och grupptr\u00e4ning. F\u00f6rutom detta arrangerar vi en m\u00e4ngd olika special event - n\u00e5got som passar alla helt enkelt! Perfekt till f\u00f6delsedagar eller som present att ge bort vid firande. Eller varf\u00f6r inte som en g\u00e5va om ni vill bjuda med en n\u00e4ra f\u00f6r att spendera lite kvalitativ tid, l\u00e4ra er mer och dessutom umg\u00e5s p\u00e5 banan! <\/h3>\n<!-- \/wp:heading -->\n\n<!-- wp:paragraph -->\n<p><\/p>\n<!-- \/wp:paragraph -->\n\n<!-- wp:image {\"id\":7555,\"width\":219,\"height\":292,\"linkDestination\":\"custom\",\"className\":\"is-style-default\"} -->\n<figure class=\"wp-block-image is-resized is-style-default\"><a href=\"https:\/\/hylliekrokensgolf.se\/wp-content\/uploads\/2020\/04\/IMG_1123-rotated-e1586686483264.jpg\"><img src=\"https:\/\/hylliekrokensgolf.se\/wp-content\/uploads\/2020\/04\/IMG_1123-225x300.jpg\" alt=\"anders olsson golf presentkort\" class=\"wp-image-7555\" width=\"219\" height=\"292\"\/><\/a><\/figure>\n<!-- \/wp:image -->\n\n<!-- wp:heading {\"level\":3,\"style\":{\"typography\":{\"fontStyle\":\"normal\",\"fontWeight\":\"600\"}},\"fontSize\":\"medium\"} -->\n<h3 class=\"has-medium-font-size\" style=\"font-style:normal;font-weight:600\">Ring och best\u00e4ll ditt presentkort redan idag s\u00e5 skickar vi hem det till dig. Dessutom kan du enkelt betala \u00f6ver telefon, ring 0706-626300 s\u00e5 hj\u00e4lper vi dig. Betalningen g\u00f6r du till bankgiro: 706-7838 eller swish 123 187 3116. Giltigheten p\u00e5 presentkortet \u00e4r 1 \u00e5r fr\u00e5n datumet det k\u00f6ptes. <\/h3>\n<!-- \/wp:heading -->\n\n<!-- wp:heading {\"level\":3,\"style\":{\"typography\":{\"fontStyle\":\"normal\",\"fontWeight\":\"600\"}},\"textColor\":\"black\",\"fontSize\":\"medium\"} -->\n<h3 class=\"has-black-color has-text-color has-medium-font-size\" style=\"font-style:normal;font-weight:600\">Klicka <span style=\"color: #0d3f2b;\"><strong><a href=\"https:\/\/hylliekrokensgolfacademy.se\/golf\/kurser\/\" target=\"_blank\" rel=\"noreferrer noopener\">h\u00e4r<\/a><\/strong><\/span> f\u00f6r att se vilka lektioner och kurser vi erbjuder, eller kontakta Anders p\u00e5 antingen mail eller telefon f\u00f6r att f\u00e5 mer information:<\/h3>\n<!-- \/wp:heading -->\n\n<!-- wp:heading {\"level\":3,\"style\":{\"typography\":{\"fontStyle\":\"normal\",\"fontWeight\":\"600\"}},\"fontSize\":\"medium\"} -->\n<h3 class=\"has-medium-font-size\" style=\"font-style:normal;font-weight:600\"><a href=\"mailto:anders@andersolssongolf.se\">anders@andersolssongolf.se<\/a><br>Tel: 0706-626300<\/h3>\n<!-- \/wp:heading -->\n\n<!-- wp:image {\"align\":\"center\",\"id\":1866,\"width\":256,\"height\":249,\"sizeSlug\":\"large\",\"linkDestination\":\"media\"} -->\n<figure class=\"wp-block-image aligncenter size-large is-resized\"><a href=\"https:\/\/andersolssongolf.se\/golf\/wp-content\/uploads\/2022\/12\/ao-logga-3.jpg\"><img src=\"https:\/\/andersolssongolf.se\/golf\/wp-content\/uploads\/2022\/12\/ao-logga-3-1024x995.jpg\" alt=\"\" class=\"wp-image-1866\" width=\"256\" height=\"249\"\/><\/a><\/figure>\n<!-- \/wp:image -->","_et_gb_content_width":"","footnotes":""},"dipi_cpt_category":[],"class_list":["post-558","page","type-page","status-publish","hentry"],"yoast_head":"<!-- This site is optimized with the Yoast SEO plugin v27.4 - https:\/\/yoast.com\/product\/yoast-seo-wordpress\/ -->\n<title>Anders Olsson Golf presentkort, en perfekt present<\/title>\n<meta name=\"description\" content=\"Ge bort Anders Olsson Golf presentkort till n\u00e5gon som \u00e4lskar golf, eller kanske n\u00e5gon du vill introducera till sporten!\" \/>\n<meta name=\"robots\" content=\"index, follow, max-snippet:-1, max-image-preview:large, max-video-preview:-1\" \/>\n<link rel=\"canonical\" href=\"https:\/\/andersolssongolf.se\/golf\/golf-academy-presentkort\/\" \/>\n<meta property=\"og:locale\" content=\"sv_SE\" \/>\n<meta property=\"og:type\" content=\"article\" \/>\n<meta property=\"og:title\" content=\"Anders Olsson Golf presentkort, en perfekt present\" \/>\n<meta property=\"og:description\" content=\"Ge bort Anders Olsson Golf presentkort till n\u00e5gon som \u00e4lskar golf, eller kanske n\u00e5gon du vill introducera till sporten!\" \/>\n<meta property=\"og:url\" content=\"https:\/\/andersolssongolf.se\/golf\/golf-academy-presentkort\/\" \/>\n<meta property=\"og:site_name\" content=\"Anders Olsson Golf\" \/>\n<meta property=\"article:publisher\" content=\"https:\/\/www.facebook.com\/HylliekrokensGolfAcademy\" \/>\n<meta property=\"article:modified_time\" content=\"2025-03-26T11:33:41+00:00\" \/>\n<meta name=\"twitter:card\" content=\"summary_large_image\" \/>\n<meta name=\"twitter:label1\" content=\"Ber\u00e4knad l\u00e4stid\" \/>\n\t<meta name=\"twitter:data1\" content=\"2 minuter\" \/>\n<script type=\"application\/ld+json\" class=\"yoast-schema-graph\">{\"@context\":\"https:\\\/\\\/schema.org\",\"@graph\":[{\"@type\":\"WebPage\",\"@id\":\"https:\\\/\\\/andersolssongolf.se\\\/golf\\\/golf-academy-presentkort\\\/\",\"url\":\"https:\\\/\\\/andersolssongolf.se\\\/golf\\\/golf-academy-presentkort\\\/\",\"name\":\"Anders Olsson Golf presentkort, en perfekt present\",\"isPartOf\":{\"@id\":\"https:\\\/\\\/andersolssongolf.se\\\/golf\\\/#website\"},\"datePublished\":\"2020-12-18T12:23:44+00:00\",\"dateModified\":\"2025-03-26T11:33:41+00:00\",\"description\":\"Ge bort Anders Olsson Golf presentkort till n\u00e5gon som \u00e4lskar golf, eller kanske n\u00e5gon du vill introducera till sporten!\",\"breadcrumb\":{\"@id\":\"https:\\\/\\\/andersolssongolf.se\\\/golf\\\/golf-academy-presentkort\\\/#breadcrumb\"},\"inLanguage\":\"sv-SE\",\"potentialAction\":[{\"@type\":\"ReadAction\",\"target\":[\"https:\\\/\\\/andersolssongolf.se\\\/golf\\\/golf-academy-presentkort\\\/\"]}]},{\"@type\":\"BreadcrumbList\",\"@id\":\"https:\\\/\\\/andersolssongolf.se\\\/golf\\\/golf-academy-presentkort\\\/#breadcrumb\",\"itemListElement\":[{\"@type\":\"ListItem\",\"position\":1,\"name\":\"Hem\",\"item\":\"https:\\\/\\\/andersolssongolf.se\\\/golf\\\/\"},{\"@type\":\"ListItem\",\"position\":2,\"name\":\"Golf Academy Presentkort\"}]},{\"@type\":\"WebSite\",\"@id\":\"https:\\\/\\\/andersolssongolf.se\\\/golf\\\/#website\",\"url\":\"https:\\\/\\\/andersolssongolf.se\\\/golf\\\/\",\"name\":\"Anders Olsson Golf\",\"description\":\"Det enkla valet f\u00f6r f\u00e4rre slag p\u00e5 banan\",\"publisher\":{\"@id\":\"https:\\\/\\\/andersolssongolf.se\\\/golf\\\/#organization\"},\"potentialAction\":[{\"@type\":\"SearchAction\",\"target\":{\"@type\":\"EntryPoint\",\"urlTemplate\":\"https:\\\/\\\/andersolssongolf.se\\\/golf\\\/?s={search_term_string}\"},\"query-input\":{\"@type\":\"PropertyValueSpecification\",\"valueRequired\":true,\"valueName\":\"search_term_string\"}}],\"inLanguage\":\"sv-SE\"},{\"@type\":\"Organization\",\"@id\":\"https:\\\/\\\/andersolssongolf.se\\\/golf\\\/#organization\",\"name\":\"Anders Olsson Golf\",\"url\":\"https:\\\/\\\/andersolssongolf.se\\\/golf\\\/\",\"logo\":{\"@type\":\"ImageObject\",\"inLanguage\":\"sv-SE\",\"@id\":\"https:\\\/\\\/andersolssongolf.se\\\/golf\\\/#\\\/schema\\\/logo\\\/image\\\/\",\"url\":\"https:\\\/\\\/andersolssongolf.se\\\/golf\\\/wp-content\\\/uploads\\\/2022\\\/12\\\/logo.png\",\"contentUrl\":\"https:\\\/\\\/andersolssongolf.se\\\/golf\\\/wp-content\\\/uploads\\\/2022\\\/12\\\/logo.png\",\"width\":300,\"height\":292,\"caption\":\"Anders Olsson Golf\"},\"image\":{\"@id\":\"https:\\\/\\\/andersolssongolf.se\\\/golf\\\/#\\\/schema\\\/logo\\\/image\\\/\"},\"sameAs\":[\"https:\\\/\\\/www.facebook.com\\\/HylliekrokensGolfAcademy\",\"https:\\\/\\\/www.instagram.com\\\/andersolssongolf\\\/\",\"https:\\\/\\\/www.youtube.com\\\/results?search_query=hylliekrokensgolfacademy\"]}]}<\/script>\n<!-- \/ Yoast SEO plugin. -->","yoast_head_json":{"title":"Anders Olsson Golf presentkort, en perfekt present","description":"Ge bort Anders Olsson Golf presentkort till n\u00e5gon som \u00e4lskar golf, eller kanske n\u00e5gon du vill introducera till sporten!","robots":{"index":"index","follow":"follow","max-snippet":"max-snippet:-1","max-image-preview":"max-image-preview:large","max-video-preview":"max-video-preview:-1"},"canonical":"https:\/\/andersolssongolf.se\/golf\/golf-academy-presentkort\/","og_locale":"sv_SE","og_type":"article","og_title":"Anders Olsson Golf presentkort, en perfekt present","og_description":"Ge bort Anders Olsson Golf presentkort till n\u00e5gon som \u00e4lskar golf, eller kanske n\u00e5gon du vill introducera till sporten!","og_url":"https:\/\/andersolssongolf.se\/golf\/golf-academy-presentkort\/","og_site_name":"Anders Olsson Golf","article_publisher":"https:\/\/www.facebook.com\/HylliekrokensGolfAcademy","article_modified_time":"2025-03-26T11:33:41+00:00","twitter_card":"summary_large_image","twitter_misc":{"Ber\u00e4knad l\u00e4stid":"2 minuter"},"schema":{"@context":"https:\/\/schema.org","@graph":[{"@type":"WebPage","@id":"https:\/\/andersolssongolf.se\/golf\/golf-academy-presentkort\/","url":"https:\/\/andersolssongolf.se\/golf\/golf-academy-presentkort\/","name":"Anders Olsson Golf presentkort, en perfekt present","isPartOf":{"@id":"https:\/\/andersolssongolf.se\/golf\/#website"},"datePublished":"2020-12-18T12:23:44+00:00","dateModified":"2025-03-26T11:33:41+00:00","description":"Ge bort Anders Olsson Golf presentkort till n\u00e5gon som \u00e4lskar golf, eller kanske n\u00e5gon du vill introducera till sporten!","breadcrumb":{"@id":"https:\/\/andersolssongolf.se\/golf\/golf-academy-presentkort\/#breadcrumb"},"inLanguage":"sv-SE","potentialAction":[{"@type":"ReadAction","target":["https:\/\/andersolssongolf.se\/golf\/golf-academy-presentkort\/"]}]},{"@type":"BreadcrumbList","@id":"https:\/\/andersolssongolf.se\/golf\/golf-academy-presentkort\/#breadcrumb","itemListElement":[{"@type":"ListItem","position":1,"name":"Hem","item":"https:\/\/andersolssongolf.se\/golf\/"},{"@type":"ListItem","position":2,"name":"Golf Academy Presentkort"}]},{"@type":"WebSite","@id":"https:\/\/andersolssongolf.se\/golf\/#website","url":"https:\/\/andersolssongolf.se\/golf\/","name":"Anders Olsson Golf","description":"Det enkla valet f\u00f6r f\u00e4rre slag p\u00e5 banan","publisher":{"@id":"https:\/\/andersolssongolf.se\/golf\/#organization"},"potentialAction":[{"@type":"SearchAction","target":{"@type":"EntryPoint","urlTemplate":"https:\/\/andersolssongolf.se\/golf\/?s={search_term_string}"},"query-input":{"@type":"PropertyValueSpecification","valueRequired":true,"valueName":"search_term_string"}}],"inLanguage":"sv-SE"},{"@type":"Organization","@id":"https:\/\/andersolssongolf.se\/golf\/#organization","name":"Anders Olsson Golf","url":"https:\/\/andersolssongolf.se\/golf\/","logo":{"@type":"ImageObject","inLanguage":"sv-SE","@id":"https:\/\/andersolssongolf.se\/golf\/#\/schema\/logo\/image\/","url":"https:\/\/andersolssongolf.se\/golf\/wp-content\/uploads\/2022\/12\/logo.png","contentUrl":"https:\/\/andersolssongolf.se\/golf\/wp-content\/uploads\/2022\/12\/logo.png","width":300,"height":292,"caption":"Anders Olsson Golf"},"image":{"@id":"https:\/\/andersolssongolf.se\/golf\/#\/schema\/logo\/image\/"},"sameAs":["https:\/\/www.facebook.com\/HylliekrokensGolfAcademy","https:\/\/www.instagram.com\/andersolssongolf\/","https:\/\/www.youtube.com\/results?search_query=hylliekrokensgolfacademy"]}]}},"_links":{"self":[{"href":"https:\/\/andersolssongolf.se\/golf\/wp-json\/wp\/v2\/pages\/558","targetHints":{"allow":["GET"]}}],"collection":[{"href":"https:\/\/andersolssongolf.se\/golf\/wp-json\/wp\/v2\/pages"}],"about":[{"href":"https:\/\/andersolssongolf.se\/golf\/wp-json\/wp\/v2\/types\/page"}],"author":[{"embeddable":true,"href":"https:\/\/andersolssongolf.se\/golf\/wp-json\/wp\/v2\/users\/1"}],"replies":[{"embeddable":true,"href":"https:\/\/andersolssongolf.se\/golf\/wp-json\/wp\/v2\/comments?post=558"}],"version-history":[{"count":0,"href":"https:\/\/andersolssongolf.se\/golf\/wp-json\/wp\/v2\/pages\/558\/revisions"}],"wp:attachment":[{"href":"https:\/\/andersolssongolf.se\/golf\/wp-json\/wp\/v2\/media?parent=558"}],"wp:term":[{"taxonomy":"dipi_cpt_category","embeddable":true,"href":"https:\/\/andersolssongolf.se\/golf\/wp-json\/wp\/v2\/dipi_cpt_category?post=558"}],"curies":[{"name":"wp","href":"https:\/\/api.w.org\/{rel}","templated":true}]}}